{"id":988,"date":"2025-09-24T00:16:46","date_gmt":"2025-09-23T21:16:46","guid":{"rendered":"https:\/\/ritaliviajewelry.com\/?post_type=product&#038;p=988"},"modified":"2025-12-09T09:57:49","modified_gmt":"2025-12-09T07:57:49","slug":"silver-pin-trickster-with-rhodolites","status":"publish","type":"product","link":"https:\/\/ritaliviajewelry.com\/et\/toode\/silver-pin-trickster-with-rhodolites\/","title":{"rendered":"H\u00f5bedast rinnan\u00f5el \"Kratt\" rodoliitidega"},"content":{"rendered":"<div style=\"text-align: left;\">Kratt on igip\u00f5liselt olnud eestlase hingeloom. Ta elab, et t\u00e4ita oma peremehe iga soov ning maagiliselt kombel ei vaja kunagi puhkust.<\/div>\n<div style=\"text-align: left;\">H\u00f5bedast rinnan\u00f5el \"Kratt\" on valmistatud k\u00e4sit\u00f6\u00f6na ning silmadena s\u00e4ravad tal looduslikud ehtekivid.<\/div>\n<div style=\"text-align: left;\">Tema eesm\u00e4rgiks on tuua oma omanikule silmailu ning meelitada ligi k\u00f5iksugu rikkusi \u2013 nii hingelisi kui ka materiaalseid.<\/div>\n<div style=\"text-align: left;\">.<\/div>\n<div style=\"text-align: left;\"><\/div>\n<div style=\"text-align: left;\">Materjalid: h\u00f5be 925, rodoliidid<\/div>\n<div style=\"text-align: left;\"><span class=\"s2\">\u00d8<\/span><span class=\"s2\">:\u00a0<\/span><span class=\"s3\">17 mm<\/span><\/div>","protected":false},"excerpt":{"rendered":"<p><a href=\"https:\/\/ritaliviajewelry.com\/wp-content\/uploads\/2025\/09\/kratt-rhodolite-0.jpg\"><img loading=\"lazy\" decoding=\"async\" class=\"alignnone wp-image-966 size-medium\" src=\"https:\/\/ritaliviajewelry.com\/wp-content\/uploads\/2025\/09\/kratt-rhodolite-0-300x300.jpg\" alt=\"\" width=\"300\" height=\"300\" srcset=\"https:\/\/ritaliviajewelry.com\/wp-content\/uploads\/2025\/09\/kratt-rhodolite-0-300x300.jpg 300w, https:\/\/ritaliviajewelry.com\/wp-content\/uploads\/2025\/09\/kratt-rhodolite-0-800x800.jpg 800w, https:\/\/ritaliviajewelry.com\/wp-content\/uploads\/2025\/09\/kratt-rhodolite-0-400x400.jpg 400w, https:\/\/ritaliviajewelry.com\/wp-content\/uploads\/2025\/09\/kratt-rhodolite-0-1200x1200.jpg 1200w, https:\/\/ritaliviajewelry.com\/wp-content\/uploads\/2025\/09\/kratt-rhodolite-0-1024x1024.jpg 1024w, https:\/\/ritaliviajewelry.com\/wp-content\/uploads\/2025\/09\/kratt-rhodolite-0-150x150.jpg 150w, https:\/\/ritaliviajewelry.com\/wp-content\/uploads\/2025\/09\/kratt-rhodolite-0-768x768.jpg 768w, https:\/\/ritaliviajewelry.com\/wp-content\/uploads\/2025\/09\/kratt-rhodolite-0-1536x1536.jpg 1536w, https:\/\/ritaliviajewelry.com\/wp-content\/uploads\/2025\/09\/kratt-rhodolite-0-12x12.jpg 12w, https:\/\/ritaliviajewelry.com\/wp-content\/uploads\/2025\/09\/kratt-rhodolite-0-900x900.jpg 900w, https:\/\/ritaliviajewelry.com\/wp-content\/uploads\/2025\/09\/kratt-rhodolite-0.jpg 1800w\" sizes=\"auto, (max-width:480px) 100vw, (max-width:1024px) 90vw, 1200px\" \/><\/a><\/p>","protected":false},"featured_media":967,"template":"","meta":[],"product_brand":[],"product_cat":[15,41],"product_tag":[37],"class_list":{"0":"post-988","1":"product","2":"type-product","3":"status-publish","4":"has-post-thumbnail","6":"product_cat-jewelry","7":"product_cat-pins-2","8":"product_tag-kratt","10":"first","11":"instock","12":"shipping-taxable","13":"purchasable","14":"product-type-simple"},"aioseo_notices":[],"_links":{"self":[{"href":"https:\/\/ritaliviajewelry.com\/et\/wp-json\/wp\/v2\/product\/988","targetHints":{"allow":["GET"]}}],"collection":[{"href":"https:\/\/ritaliviajewelry.com\/et\/wp-json\/wp\/v2\/product"}],"about":[{"href":"https:\/\/ritaliviajewelry.com\/et\/wp-json\/wp\/v2\/types\/product"}],"wp:featuredmedia":[{"embeddable":true,"href":"https:\/\/ritaliviajewelry.com\/et\/wp-json\/wp\/v2\/media\/967"}],"wp:attachment":[{"href":"https:\/\/ritaliviajewelry.com\/et\/wp-json\/wp\/v2\/media?parent=988"}],"wp:term":[{"taxonomy":"product_brand","embeddable":true,"href":"https:\/\/ritaliviajewelry.com\/et\/wp-json\/wp\/v2\/product_brand?post=988"},{"taxonomy":"product_cat","embeddable":true,"href":"https:\/\/ritaliviajewelry.com\/et\/wp-json\/wp\/v2\/product_cat?post=988"},{"taxonomy":"product_tag","embeddable":true,"href":"https:\/\/ritaliviajewelry.com\/et\/wp-json\/wp\/v2\/product_tag?post=988"}],"curies":[{"name":"wp","href":"https:\/\/api.w.org\/{rel}","templated":true}]}}