{"id":540,"date":"2025-06-30T22:26:20","date_gmt":"2025-06-30T19:26:20","guid":{"rendered":"https:\/\/ritaliviajewelry.com\/?post_type=product&#038;p=540"},"modified":"2026-02-13T09:34:03","modified_gmt":"2026-02-13T07:34:03","slug":"spessartine","status":"publish","type":"product","link":"https:\/\/ritaliviajewelry.com\/et\/toode\/spessartine\/","title":{"rendered":"Spessartiin"},"content":{"rendered":"<p style=\"text-align: left;\">Kaal: 1.44 ct<br \/>\nV\u00e4rv: Oran\u017e<br \/>\nM\u00f5\u00f5dud: 6.52 x 5.96 x 4.07 mm<br \/>\nParendamised: puuduvad<br \/>\nK\u00f5vadus: 7,5\/10<\/p>\n<p style=\"text-align: left;\">Kivi lihvis k\u00e4sit\u00f6\u00f6na Rita-Livia Erikson<\/p>\n<div style=\"width: 800px;\" class=\"wp-video\"><video class=\"wp-video-shortcode\" id=\"video-540-1\" width=\"800\" height=\"800\" preload=\"metadata\" controls=\"controls\"><source type=\"video\/mp4\" src=\"https:\/\/ritaliviajewelry.com\/wp-content\/uploads\/2025\/06\/spessartine-144-ct.mp4?_=1\" \/><a href=\"https:\/\/ritaliviajewelry.com\/wp-content\/uploads\/2025\/06\/spessartine-144-ct.mp4\">https:\/\/ritaliviajewelry.com\/wp-content\/uploads\/2025\/06\/spessartine-144-ct.mp4<\/a><\/video><\/div>","protected":false},"excerpt":{"rendered":"<p>Spessartiin on haruldane oran\u017e ehtekivi, mis kuulub granaatide perekonda. K\u00f5ikidest oran\u017eidest ehtekividest on spessartiin \u00fcks k\u00f5ige k\u00f5rgemini hinnatuimaid. Selle s\u00e4ravale tulisele oran\u017eile on pea v\u00f5imatu konkurenti leida. Nii ei saa see v\u00e4rvikilluke j\u00e4\u00e4da ka m\u00e4rkamata.<\/p>","protected":false},"featured_media":912,"template":"","meta":[],"product_brand":[],"product_cat":[63,42],"product_tag":[57],"class_list":{"0":"post-540","1":"product","2":"type-product","3":"status-publish","4":"has-post-thumbnail","6":"product_cat-garnet","7":"product_cat-gemstones","8":"product_tag-garnet","10":"first","11":"instock","12":"shipping-taxable","13":"purchasable","14":"product-type-simple"},"aioseo_notices":[],"_links":{"self":[{"href":"https:\/\/ritaliviajewelry.com\/et\/wp-json\/wp\/v2\/product\/540","targetHints":{"allow":["GET"]}}],"collection":[{"href":"https:\/\/ritaliviajewelry.com\/et\/wp-json\/wp\/v2\/product"}],"about":[{"href":"https:\/\/ritaliviajewelry.com\/et\/wp-json\/wp\/v2\/types\/product"}],"wp:featuredmedia":[{"embeddable":true,"href":"https:\/\/ritaliviajewelry.com\/et\/wp-json\/wp\/v2\/media\/912"}],"wp:attachment":[{"href":"https:\/\/ritaliviajewelry.com\/et\/wp-json\/wp\/v2\/media?parent=540"}],"wp:term":[{"taxonomy":"product_brand","embeddable":true,"href":"https:\/\/ritaliviajewelry.com\/et\/wp-json\/wp\/v2\/product_brand?post=540"},{"taxonomy":"product_cat","embeddable":true,"href":"https:\/\/ritaliviajewelry.com\/et\/wp-json\/wp\/v2\/product_cat?post=540"},{"taxonomy":"product_tag","embeddable":true,"href":"https:\/\/ritaliviajewelry.com\/et\/wp-json\/wp\/v2\/product_tag?post=540"}],"curies":[{"name":"wp","href":"https:\/\/api.w.org\/{rel}","templated":true}]}}