{"id":539,"date":"2025-06-30T22:04:21","date_gmt":"2025-06-30T19:04:21","guid":{"rendered":"https:\/\/ritaliviajewelry.com\/?post_type=product&#038;p=539"},"modified":"2026-02-13T09:34:11","modified_gmt":"2026-02-13T07:34:11","slug":"zircon","status":"publish","type":"product","link":"https:\/\/ritaliviajewelry.com\/et\/toode\/zircon\/","title":{"rendered":"Looduslik tsirkoon"},"content":{"rendered":"<p style=\"text-align: left;\">Kaal: 1.37 ct<br \/>\nV\u00e4rv: sinine<br \/>\nM\u00f5\u00f5dud: 5.98 x 5.11 x 4.05 mm<br \/>\nParendamised: standardne kuumt\u00f6\u00f6tlus<br \/>\nP\u00e4ritolu: Kambod\u017ea<br \/>\nK\u00f5vadus: 6,5-7,5\/10<\/p>\n<p style=\"text-align: left;\">Kivi lihvis k\u00e4sit\u00f6\u00f6na Rita-Livia Erikson<\/p>\n<div style=\"width: 800px;\" class=\"wp-video\"><video class=\"wp-video-shortcode\" id=\"video-539-1\" width=\"800\" height=\"800\" preload=\"metadata\" controls=\"controls\"><source type=\"video\/mp4\" src=\"https:\/\/ritaliviajewelry.com\/wp-content\/uploads\/2025\/06\/blue-zircon-137-ct.mp4?_=1\" \/><a href=\"https:\/\/ritaliviajewelry.com\/wp-content\/uploads\/2025\/06\/blue-zircon-137-ct.mp4\">https:\/\/ritaliviajewelry.com\/wp-content\/uploads\/2025\/06\/blue-zircon-137-ct.mp4<\/a><\/video><\/div>","protected":false},"excerpt":{"rendered":"<p>Tsirkoon on looduslik mineraal, mida tavaliselt aetakse segamini kuubilise tsirkooniaga (CZ), sest neil on sarnased nimed. Tegelikult on tsirkoon looduslik ehtekivi, mis esineb mitmetes v\u00e4rvides ning on vanim mineraal, mis meie planeedil leitud on. Hinnatuimad v\u00e4rvid on erksad sinised, mida kaevandatakse Kambod\u017eas.<\/p>","protected":false},"featured_media":902,"template":"","meta":[],"product_brand":[],"product_cat":[42],"product_tag":[],"class_list":{"0":"post-539","1":"product","2":"type-product","3":"status-publish","4":"has-post-thumbnail","6":"product_cat-gemstones","8":"first","9":"instock","10":"shipping-taxable","11":"purchasable","12":"product-type-simple"},"aioseo_notices":[],"_links":{"self":[{"href":"https:\/\/ritaliviajewelry.com\/et\/wp-json\/wp\/v2\/product\/539","targetHints":{"allow":["GET"]}}],"collection":[{"href":"https:\/\/ritaliviajewelry.com\/et\/wp-json\/wp\/v2\/product"}],"about":[{"href":"https:\/\/ritaliviajewelry.com\/et\/wp-json\/wp\/v2\/types\/product"}],"wp:featuredmedia":[{"embeddable":true,"href":"https:\/\/ritaliviajewelry.com\/et\/wp-json\/wp\/v2\/media\/902"}],"wp:attachment":[{"href":"https:\/\/ritaliviajewelry.com\/et\/wp-json\/wp\/v2\/media?parent=539"}],"wp:term":[{"taxonomy":"product_brand","embeddable":true,"href":"https:\/\/ritaliviajewelry.com\/et\/wp-json\/wp\/v2\/product_brand?post=539"},{"taxonomy":"product_cat","embeddable":true,"href":"https:\/\/ritaliviajewelry.com\/et\/wp-json\/wp\/v2\/product_cat?post=539"},{"taxonomy":"product_tag","embeddable":true,"href":"https:\/\/ritaliviajewelry.com\/et\/wp-json\/wp\/v2\/product_tag?post=539"}],"curies":[{"name":"wp","href":"https:\/\/api.w.org\/{rel}","templated":true}]}}