{"id":531,"date":"2025-06-30T20:32:24","date_gmt":"2025-06-30T17:32:24","guid":{"rendered":"https:\/\/ritaliviajewelry.com\/?post_type=product&#038;p=531"},"modified":"2026-02-13T09:40:44","modified_gmt":"2026-02-13T07:40:44","slug":"sunstone","status":"publish","type":"product","link":"https:\/\/ritaliviajewelry.com\/et\/toode\/sunstone\/","title":{"rendered":"P\u00e4ikesekivi"},"content":{"rendered":"<p style=\"text-align: left;\">Kaal: 2.22 ct<br \/>\nV\u00e4rv: Oran\u017e<br \/>\nM\u00f5\u00f5dud: 12.18 x 8.01 x 5.51 mm<br \/>\nParendamised: puuduvad<br \/>\nK\u00f5vadus: 6,5-7\/10<br \/>\nP\u00e4ritolu: Oregoni osariik, USA<\/p>\n<p style=\"text-align: left;\">Kivi lihvis k\u00e4sit\u00f6\u00f6na Rita-Livia Erikson<\/p>\n<div style=\"width: 800px;\" class=\"wp-video\"><video class=\"wp-video-shortcode\" id=\"video-531-1\" width=\"800\" height=\"800\" preload=\"metadata\" controls=\"controls\"><source type=\"video\/mp4\" src=\"https:\/\/ritaliviajewelry.com\/wp-content\/uploads\/2025\/06\/sunstone-222-ct.mp4?_=1\" \/><a href=\"https:\/\/ritaliviajewelry.com\/wp-content\/uploads\/2025\/06\/sunstone-222-ct.mp4\">https:\/\/ritaliviajewelry.com\/wp-content\/uploads\/2025\/06\/sunstone-222-ct.mp4<\/a><\/video><\/div>","protected":false},"excerpt":{"rendered":"<p>P\u00e4ikesekivi on looduslik ehtekivi, milles on s\u00e4delust, mis ei ole lihvimise tulemus. See sillerdav effect on valgus, mis peegeldab tagasi paljudelt tillukestelt vaset\u00fckikestelt, mis suletistena selles kivis sees on. Oregoni p\u00e4ikesekivi on hinnatud \u00fcle kogu maailma ning sellel on pisut parem k\u00f5vadus, kui \u00fclej\u00e4\u00e4nud p\u00e4evakividel.<\/p>","protected":false},"featured_media":913,"template":"","meta":[],"product_brand":[],"product_cat":[42],"product_tag":[],"class_list":{"0":"post-531","1":"product","2":"type-product","3":"status-publish","4":"has-post-thumbnail","6":"product_cat-gemstones","8":"first","9":"instock","10":"shipping-taxable","11":"purchasable","12":"product-type-simple"},"aioseo_notices":[],"_links":{"self":[{"href":"https:\/\/ritaliviajewelry.com\/et\/wp-json\/wp\/v2\/product\/531","targetHints":{"allow":["GET"]}}],"collection":[{"href":"https:\/\/ritaliviajewelry.com\/et\/wp-json\/wp\/v2\/product"}],"about":[{"href":"https:\/\/ritaliviajewelry.com\/et\/wp-json\/wp\/v2\/types\/product"}],"wp:featuredmedia":[{"embeddable":true,"href":"https:\/\/ritaliviajewelry.com\/et\/wp-json\/wp\/v2\/media\/913"}],"wp:attachment":[{"href":"https:\/\/ritaliviajewelry.com\/et\/wp-json\/wp\/v2\/media?parent=531"}],"wp:term":[{"taxonomy":"product_brand","embeddable":true,"href":"https:\/\/ritaliviajewelry.com\/et\/wp-json\/wp\/v2\/product_brand?post=531"},{"taxonomy":"product_cat","embeddable":true,"href":"https:\/\/ritaliviajewelry.com\/et\/wp-json\/wp\/v2\/product_cat?post=531"},{"taxonomy":"product_tag","embeddable":true,"href":"https:\/\/ritaliviajewelry.com\/et\/wp-json\/wp\/v2\/product_tag?post=531"}],"curies":[{"name":"wp","href":"https:\/\/api.w.org\/{rel}","templated":true}]}}