{"id":528,"date":"2025-06-30T20:15:44","date_gmt":"2025-06-30T17:15:44","guid":{"rendered":"https:\/\/ritaliviajewelry.com\/?post_type=product&#038;p=528"},"modified":"2026-02-13T09:43:08","modified_gmt":"2026-02-13T07:43:08","slug":"kornerupine","status":"publish","type":"product","link":"https:\/\/ritaliviajewelry.com\/et\/toode\/kornerupine\/","title":{"rendered":"Kornerupiin"},"content":{"rendered":"<p style=\"text-align: left;\">Kaal: 1.14 ct<br \/>\nV\u00e4rv: sinakas roheline<br \/>\nM\u00f5\u00f5dud: 9.73 x 4.81 x 3.76 mm<br \/>\nParendamised: puuduvad<br \/>\nK\u00f5vadus: 6,5-7\/10<br \/>\nP\u00e4ritolu: Tansaania<\/p>\n<p style=\"text-align: left;\">Kivi lihvis k\u00e4sit\u00f6\u00f6na Rita-Livia Erikson<\/p>\n<div style=\"width: 800px;\" class=\"wp-video\"><video class=\"wp-video-shortcode\" id=\"video-528-1\" width=\"800\" height=\"800\" preload=\"metadata\" controls=\"controls\"><source type=\"video\/mp4\" src=\"https:\/\/ritaliviajewelry.com\/wp-content\/uploads\/2025\/06\/kornerupine-115-ct.mp4?_=1\" \/><a href=\"https:\/\/ritaliviajewelry.com\/wp-content\/uploads\/2025\/06\/kornerupine-115-ct.mp4\">https:\/\/ritaliviajewelry.com\/wp-content\/uploads\/2025\/06\/kornerupine-115-ct.mp4<\/a><\/video><\/div>","protected":false},"excerpt":{"rendered":"<p>Kornerupiin on kaunis, kuid v\u00e4ga haruldane ehtekivi. Selle k\u00f5ige ihaldatumad v\u00e4rvid on erksad rohelised ja sinised. \u00d5igesti lihvituna on sellel suurep\u00e4rane s\u00e4ra. Pannes selle s\u00e4ra kokku kornerupiini lummavate toonidega, saame fantastilise variandi \u00fchte t\u00e4henduslikku ehtesse.<\/p>","protected":false},"featured_media":905,"template":"","meta":[],"product_brand":[],"product_cat":[42],"product_tag":[],"class_list":{"0":"post-528","1":"product","2":"type-product","3":"status-publish","4":"has-post-thumbnail","6":"product_cat-gemstones","8":"first","9":"instock","10":"shipping-taxable","11":"purchasable","12":"product-type-simple"},"aioseo_notices":[],"_links":{"self":[{"href":"https:\/\/ritaliviajewelry.com\/et\/wp-json\/wp\/v2\/product\/528","targetHints":{"allow":["GET"]}}],"collection":[{"href":"https:\/\/ritaliviajewelry.com\/et\/wp-json\/wp\/v2\/product"}],"about":[{"href":"https:\/\/ritaliviajewelry.com\/et\/wp-json\/wp\/v2\/types\/product"}],"wp:featuredmedia":[{"embeddable":true,"href":"https:\/\/ritaliviajewelry.com\/et\/wp-json\/wp\/v2\/media\/905"}],"wp:attachment":[{"href":"https:\/\/ritaliviajewelry.com\/et\/wp-json\/wp\/v2\/media?parent=528"}],"wp:term":[{"taxonomy":"product_brand","embeddable":true,"href":"https:\/\/ritaliviajewelry.com\/et\/wp-json\/wp\/v2\/product_brand?post=528"},{"taxonomy":"product_cat","embeddable":true,"href":"https:\/\/ritaliviajewelry.com\/et\/wp-json\/wp\/v2\/product_cat?post=528"},{"taxonomy":"product_tag","embeddable":true,"href":"https:\/\/ritaliviajewelry.com\/et\/wp-json\/wp\/v2\/product_tag?post=528"}],"curies":[{"name":"wp","href":"https:\/\/api.w.org\/{rel}","templated":true}]}}