{"id":525,"date":"2025-06-30T14:12:32","date_gmt":"2025-06-30T11:12:32","guid":{"rendered":"https:\/\/ritaliviajewelry.com\/?post_type=product&#038;p=525"},"modified":"2026-02-13T09:41:12","modified_gmt":"2026-02-13T07:41:12","slug":"spinel-red","status":"publish","type":"product","link":"https:\/\/ritaliviajewelry.com\/et\/toode\/spinel-red\/","title":{"rendered":"Spinell"},"content":{"rendered":"<p style=\"text-align: left;\">Kaal: 1.12 ct<br \/>\nV\u00e4rv: punane<br \/>\nDimensions: 7.16 x 5.00 x 3.56 mm<br \/>\nParendamised: puuduvad<br \/>\nK\u00f5vadus: 8\/10<\/p>\n<p style=\"text-align: left;\">Kivi lihvis k\u00e4sit\u00f6\u00f6na Rita-Livia Erikson<\/p>\n<div style=\"width: 800px;\" class=\"wp-video\"><video class=\"wp-video-shortcode\" id=\"video-525-1\" width=\"800\" height=\"800\" preload=\"metadata\" controls=\"controls\"><source type=\"video\/mp4\" src=\"https:\/\/ritaliviajewelry.com\/wp-content\/uploads\/2025\/06\/red-spinel-112-ct-1.mp4?_=1\" \/><a href=\"https:\/\/ritaliviajewelry.com\/wp-content\/uploads\/2025\/06\/red-spinel-112-ct-1.mp4\">https:\/\/ritaliviajewelry.com\/wp-content\/uploads\/2025\/06\/red-spinel-112-ct-1.mp4<\/a><\/video><\/div>","protected":false},"excerpt":{"rendered":"<p>Spinell on pika ajalooga ehtekivi. Punane on spinellide puhul \u00fcks k\u00f5ige k\u00f5rgemalt hinnatud v\u00e4rve. Kirgas punane spinell on v\u00e4ga hea alternatiiv rubiinile, sest sellel on tavaliselt parem puhtus suletistest, puhtam punane toon ning selle punane on looduslik, mitte nagu rubiinil, mille v\u00e4rvi on tavaliselt parendatud k\u00f5rgetel temperatuuridel kuumutamisega.<\/p>","protected":false},"featured_media":909,"template":"","meta":[],"product_brand":[],"product_cat":[42,64],"product_tag":[60],"class_list":{"0":"post-525","1":"product","2":"type-product","3":"status-publish","4":"has-post-thumbnail","6":"product_cat-gemstones","7":"product_cat-spinel","8":"product_tag-spinel","10":"first","11":"instock","12":"shipping-taxable","13":"purchasable","14":"product-type-simple"},"aioseo_notices":[],"_links":{"self":[{"href":"https:\/\/ritaliviajewelry.com\/et\/wp-json\/wp\/v2\/product\/525","targetHints":{"allow":["GET"]}}],"collection":[{"href":"https:\/\/ritaliviajewelry.com\/et\/wp-json\/wp\/v2\/product"}],"about":[{"href":"https:\/\/ritaliviajewelry.com\/et\/wp-json\/wp\/v2\/types\/product"}],"wp:featuredmedia":[{"embeddable":true,"href":"https:\/\/ritaliviajewelry.com\/et\/wp-json\/wp\/v2\/media\/909"}],"wp:attachment":[{"href":"https:\/\/ritaliviajewelry.com\/et\/wp-json\/wp\/v2\/media?parent=525"}],"wp:term":[{"taxonomy":"product_brand","embeddable":true,"href":"https:\/\/ritaliviajewelry.com\/et\/wp-json\/wp\/v2\/product_brand?post=525"},{"taxonomy":"product_cat","embeddable":true,"href":"https:\/\/ritaliviajewelry.com\/et\/wp-json\/wp\/v2\/product_cat?post=525"},{"taxonomy":"product_tag","embeddable":true,"href":"https:\/\/ritaliviajewelry.com\/et\/wp-json\/wp\/v2\/product_tag?post=525"}],"curies":[{"name":"wp","href":"https:\/\/api.w.org\/{rel}","templated":true}]}}