{"id":519,"date":"2025-06-28T20:30:21","date_gmt":"2025-06-28T17:30:21","guid":{"rendered":"https:\/\/ritaliviajewelry.com\/?post_type=product&#038;p=519"},"modified":"2026-02-13T09:41:31","modified_gmt":"2026-02-13T07:41:31","slug":"spinel-raspberry-red","status":"publish","type":"product","link":"https:\/\/ritaliviajewelry.com\/et\/toode\/spinel-raspberry-red\/","title":{"rendered":"Spinell"},"content":{"rendered":"<p style=\"text-align: left;\">Kaal: 0.66 ct<br \/>\nV\u00e4rv: vaarikapunane<br \/>\nM\u00f5\u00f5dud: 5.63 x 6.27 x 3.26 mm<br \/>\nParendamised: puuduvad<br \/>\nK\u00f5vadus: 8\/10<\/p>\n<p style=\"text-align: left;\">Kivi lihvis k\u00e4sit\u00f6\u00f6na Rita-Livia Erikson.<\/p>\n<div style=\"width: 800px;\" class=\"wp-video\"><video class=\"wp-video-shortcode\" id=\"video-519-1\" width=\"800\" height=\"800\" preload=\"metadata\" controls=\"controls\"><source type=\"video\/mp4\" src=\"https:\/\/ritaliviajewelry.com\/wp-content\/uploads\/2025\/06\/raspberry-spinel-066-ct.mp4?_=1\" \/><a href=\"https:\/\/ritaliviajewelry.com\/wp-content\/uploads\/2025\/06\/raspberry-spinel-066-ct.mp4\">https:\/\/ritaliviajewelry.com\/wp-content\/uploads\/2025\/06\/raspberry-spinel-066-ct.mp4<\/a><\/video><\/div>","protected":false},"excerpt":{"rendered":"<p>Spinell on pika ajalooga ehtekivi. Seda leidub mitmetes eri v\u00e4rvides ning on suurep\u00e4raseks variandiks igap\u00e4evaselt kantavasse ehtesse. Punane on spinellide puhul \u00fcks k\u00f5ige k\u00f5rgemalt hinnatud v\u00e4rve. Erksad ja s\u00e4ravad v\u00e4rvid t\u00f5mbavad alati pilku, ka v\u00e4ikeses suuruses.<\/p>","protected":false},"featured_media":908,"template":"","meta":[],"product_brand":[],"product_cat":[42,64],"product_tag":[60],"class_list":{"0":"post-519","1":"product","2":"type-product","3":"status-publish","4":"has-post-thumbnail","6":"product_cat-gemstones","7":"product_cat-spinel","8":"product_tag-spinel","10":"first","11":"instock","12":"shipping-taxable","13":"purchasable","14":"product-type-simple"},"aioseo_notices":[],"_links":{"self":[{"href":"https:\/\/ritaliviajewelry.com\/et\/wp-json\/wp\/v2\/product\/519","targetHints":{"allow":["GET"]}}],"collection":[{"href":"https:\/\/ritaliviajewelry.com\/et\/wp-json\/wp\/v2\/product"}],"about":[{"href":"https:\/\/ritaliviajewelry.com\/et\/wp-json\/wp\/v2\/types\/product"}],"wp:featuredmedia":[{"embeddable":true,"href":"https:\/\/ritaliviajewelry.com\/et\/wp-json\/wp\/v2\/media\/908"}],"wp:attachment":[{"href":"https:\/\/ritaliviajewelry.com\/et\/wp-json\/wp\/v2\/media?parent=519"}],"wp:term":[{"taxonomy":"product_brand","embeddable":true,"href":"https:\/\/ritaliviajewelry.com\/et\/wp-json\/wp\/v2\/product_brand?post=519"},{"taxonomy":"product_cat","embeddable":true,"href":"https:\/\/ritaliviajewelry.com\/et\/wp-json\/wp\/v2\/product_cat?post=519"},{"taxonomy":"product_tag","embeddable":true,"href":"https:\/\/ritaliviajewelry.com\/et\/wp-json\/wp\/v2\/product_tag?post=519"}],"curies":[{"name":"wp","href":"https:\/\/api.w.org\/{rel}","templated":true}]}}