{"id":518,"date":"2025-06-28T01:04:04","date_gmt":"2025-06-27T22:04:04","guid":{"rendered":"https:\/\/ritaliviajewelry.com\/?post_type=product&#038;p=518"},"modified":"2026-02-13T09:42:33","modified_gmt":"2026-02-13T07:42:33","slug":"spinel","status":"publish","type":"product","link":"https:\/\/ritaliviajewelry.com\/et\/toode\/spinel\/","title":{"rendered":"Spinell"},"content":{"rendered":"<p style=\"text-align: left;\">Kaal: 0.90 ct<br \/>\nV\u00e4rv: puhas hall<br \/>\nM\u00f5\u00f5dud: 8.42 x 5.00 x 3.81 mm<br \/>\nParendamised: puuduvad<br \/>\nK\u00f5vadus: 8\/10<br \/>\nP\u00e4ritolu: Mosambiik<\/p>\n<p style=\"text-align: left;\">Kivi lihvis k\u00e4sit\u00f6\u00f6na Rita-Livia Erikson.<\/p>\n<div style=\"width: 800px;\" class=\"wp-video\"><video class=\"wp-video-shortcode\" id=\"video-518-1\" width=\"800\" height=\"800\" preload=\"metadata\" controls=\"controls\"><source type=\"video\/mp4\" src=\"https:\/\/ritaliviajewelry.com\/wp-content\/uploads\/2026\/02\/Gray-Spinel-0.90-ct-0.mp4?_=1\" \/><a href=\"https:\/\/ritaliviajewelry.com\/wp-content\/uploads\/2026\/02\/Gray-Spinel-0.90-ct-0.mp4\">https:\/\/ritaliviajewelry.com\/wp-content\/uploads\/2026\/02\/Gray-Spinel-0.90-ct-0.mp4<\/a><\/video><\/div>","protected":false},"excerpt":{"rendered":"<p>Spinell on pika ajalooga ehtekivi. Seda leidub mitmetes eri v\u00e4rvides ning on suurep\u00e4rane variant igap\u00e4evaselt kantavasse ehtesse. Hallid toonid on tihtipeale eelistatud meeste poolt. Puhas hall on v\u00e4rv, mida naljalt ehtekivide maailmas ei leia.<\/p>","protected":false},"featured_media":1512,"template":"","meta":[],"product_brand":[],"product_cat":[42,64],"product_tag":[60],"class_list":{"0":"post-518","1":"product","2":"type-product","3":"status-publish","4":"has-post-thumbnail","6":"product_cat-gemstones","7":"product_cat-spinel","8":"product_tag-spinel","10":"first","11":"instock","12":"shipping-taxable","13":"purchasable","14":"product-type-simple"},"aioseo_notices":[],"_links":{"self":[{"href":"https:\/\/ritaliviajewelry.com\/et\/wp-json\/wp\/v2\/product\/518","targetHints":{"allow":["GET"]}}],"collection":[{"href":"https:\/\/ritaliviajewelry.com\/et\/wp-json\/wp\/v2\/product"}],"about":[{"href":"https:\/\/ritaliviajewelry.com\/et\/wp-json\/wp\/v2\/types\/product"}],"wp:featuredmedia":[{"embeddable":true,"href":"https:\/\/ritaliviajewelry.com\/et\/wp-json\/wp\/v2\/media\/1512"}],"wp:attachment":[{"href":"https:\/\/ritaliviajewelry.com\/et\/wp-json\/wp\/v2\/media?parent=518"}],"wp:term":[{"taxonomy":"product_brand","embeddable":true,"href":"https:\/\/ritaliviajewelry.com\/et\/wp-json\/wp\/v2\/product_brand?post=518"},{"taxonomy":"product_cat","embeddable":true,"href":"https:\/\/ritaliviajewelry.com\/et\/wp-json\/wp\/v2\/product_cat?post=518"},{"taxonomy":"product_tag","embeddable":true,"href":"https:\/\/ritaliviajewelry.com\/et\/wp-json\/wp\/v2\/product_tag?post=518"}],"curies":[{"name":"wp","href":"https:\/\/api.w.org\/{rel}","templated":true}]}}