{"id":517,"date":"2025-06-28T00:44:03","date_gmt":"2025-06-27T21:44:03","guid":{"rendered":"https:\/\/ritaliviajewelry.com\/?post_type=product&#038;p=517"},"modified":"2026-02-13T09:44:19","modified_gmt":"2026-02-13T07:44:19","slug":"tsavorite","status":"publish","type":"product","link":"https:\/\/ritaliviajewelry.com\/et\/toode\/tsavorite\/","title":{"rendered":"Tsavoriit"},"content":{"rendered":"<p style=\"text-align: left;\">Kaal: 0.43 ct<br \/>\nV\u00e4rv: roheline<br \/>\nM\u00f5\u00f5dud: 5.75 x 5.11 x 4.05 mm<br \/>\nParendamised: puuduvad<br \/>\nK\u00f5vadus: 7,5\/10<br \/>\nP\u00e4ritolu: Keenia<\/p>\n<p style=\"text-align: left;\">Kivi lihvis k\u00e4sit\u00f6\u00f6na Rita-Livia Erikson.<\/p>\n<div style=\"width: 800px;\" class=\"wp-video\"><video class=\"wp-video-shortcode\" id=\"video-517-1\" width=\"800\" height=\"800\" preload=\"metadata\" controls=\"controls\"><source type=\"video\/mp4\" src=\"https:\/\/ritaliviajewelry.com\/wp-content\/uploads\/2025\/06\/tsavorite-043-ct.mp4?_=1\" \/><a href=\"https:\/\/ritaliviajewelry.com\/wp-content\/uploads\/2025\/06\/tsavorite-043-ct.mp4\">https:\/\/ritaliviajewelry.com\/wp-content\/uploads\/2025\/06\/tsavorite-043-ct.mp4<\/a><\/video><\/div>","protected":false},"excerpt":{"rendered":"<p>Tsavoriit on looduslik rohelist v\u00e4rvi ehtekivi, mis kuulub granaatide perekonda. On levinud arvamus, et selle parimad toonid on k\u00f5ige rohelisemad rohelised, mis ehtekivide maailmas kunagi leida on v\u00f5imalik. Ka v\u00e4ike tsavoriit ei j\u00e4\u00e4 m\u00e4rkamata oma \u00fcletamatult s\u00e4rava rohelise v\u00e4rviga.<\/p>","protected":false},"featured_media":914,"template":"","meta":[],"product_brand":[],"product_cat":[63,42],"product_tag":[57],"class_list":{"0":"post-517","1":"product","2":"type-product","3":"status-publish","4":"has-post-thumbnail","6":"product_cat-garnet","7":"product_cat-gemstones","8":"product_tag-garnet","10":"first","11":"instock","12":"shipping-taxable","13":"purchasable","14":"product-type-simple"},"aioseo_notices":[],"_links":{"self":[{"href":"https:\/\/ritaliviajewelry.com\/et\/wp-json\/wp\/v2\/product\/517","targetHints":{"allow":["GET"]}}],"collection":[{"href":"https:\/\/ritaliviajewelry.com\/et\/wp-json\/wp\/v2\/product"}],"about":[{"href":"https:\/\/ritaliviajewelry.com\/et\/wp-json\/wp\/v2\/types\/product"}],"wp:featuredmedia":[{"embeddable":true,"href":"https:\/\/ritaliviajewelry.com\/et\/wp-json\/wp\/v2\/media\/914"}],"wp:attachment":[{"href":"https:\/\/ritaliviajewelry.com\/et\/wp-json\/wp\/v2\/media?parent=517"}],"wp:term":[{"taxonomy":"product_brand","embeddable":true,"href":"https:\/\/ritaliviajewelry.com\/et\/wp-json\/wp\/v2\/product_brand?post=517"},{"taxonomy":"product_cat","embeddable":true,"href":"https:\/\/ritaliviajewelry.com\/et\/wp-json\/wp\/v2\/product_cat?post=517"},{"taxonomy":"product_tag","embeddable":true,"href":"https:\/\/ritaliviajewelry.com\/et\/wp-json\/wp\/v2\/product_tag?post=517"}],"curies":[{"name":"wp","href":"https:\/\/api.w.org\/{rel}","templated":true}]}}