{"id":492,"date":"2025-06-28T20:43:10","date_gmt":"2025-06-28T17:43:10","guid":{"rendered":"https:\/\/ritaliviajewelry.com\/?post_type=product&#038;p=492"},"modified":"2026-02-13T09:41:19","modified_gmt":"2026-02-13T07:41:19","slug":"chrysoberyl","status":"publish","type":"product","link":"https:\/\/ritaliviajewelry.com\/et\/toode\/chrysoberyl\/","title":{"rendered":"Kr\u00fcsober\u00fcll"},"content":{"rendered":"<p style=\"text-align: left;\">Kaal: 1.14 ct<br \/>\nV\u00e4rv: kollane<br \/>\nM\u00f5\u00f5dud: 9.11 x 5.10 x 3.76 mm<br \/>\nParendamised: puuduvad<br \/>\nK\u00f5vadus: 8,5\/10<\/p>\n<p style=\"text-align: left;\">Kivi lihvis k\u00e4sit\u00f6\u00f6na Rita-Livia Erikson.<\/p>\n<div style=\"width: 800px;\" class=\"wp-video\"><video class=\"wp-video-shortcode\" id=\"video-492-1\" width=\"800\" height=\"800\" preload=\"metadata\" controls=\"controls\"><source type=\"video\/mp4\" src=\"https:\/\/ritaliviajewelry.com\/wp-content\/uploads\/2025\/06\/chrysoberyl-114-ct.mp4?_=1\" \/><a href=\"https:\/\/ritaliviajewelry.com\/wp-content\/uploads\/2025\/06\/chrysoberyl-114-ct.mp4\">https:\/\/ritaliviajewelry.com\/wp-content\/uploads\/2025\/06\/chrysoberyl-114-ct.mp4<\/a><\/video><\/div>","protected":false},"excerpt":{"rendered":"<p>Looduslik kr\u00fcsober\u00fcll on suurep\u00e4rane valik igap\u00e4evaselt kantavasse ehtesse. Ehtekivi, mis oma erksate kollaste v\u00e4rvide ja meeletu s\u00e4raga paneb Sind tundma, et tood p\u00e4ikese endaga igale poole kaasa.<\/p>","protected":false},"featured_media":903,"template":"","meta":[],"product_brand":[],"product_cat":[42],"product_tag":[],"class_list":{"0":"post-492","1":"product","2":"type-product","3":"status-publish","4":"has-post-thumbnail","6":"product_cat-gemstones","8":"first","9":"instock","10":"shipping-taxable","11":"purchasable","12":"product-type-simple"},"aioseo_notices":[],"_links":{"self":[{"href":"https:\/\/ritaliviajewelry.com\/et\/wp-json\/wp\/v2\/product\/492","targetHints":{"allow":["GET"]}}],"collection":[{"href":"https:\/\/ritaliviajewelry.com\/et\/wp-json\/wp\/v2\/product"}],"about":[{"href":"https:\/\/ritaliviajewelry.com\/et\/wp-json\/wp\/v2\/types\/product"}],"wp:featuredmedia":[{"embeddable":true,"href":"https:\/\/ritaliviajewelry.com\/et\/wp-json\/wp\/v2\/media\/903"}],"wp:attachment":[{"href":"https:\/\/ritaliviajewelry.com\/et\/wp-json\/wp\/v2\/media?parent=492"}],"wp:term":[{"taxonomy":"product_brand","embeddable":true,"href":"https:\/\/ritaliviajewelry.com\/et\/wp-json\/wp\/v2\/product_brand?post=492"},{"taxonomy":"product_cat","embeddable":true,"href":"https:\/\/ritaliviajewelry.com\/et\/wp-json\/wp\/v2\/product_cat?post=492"},{"taxonomy":"product_tag","embeddable":true,"href":"https:\/\/ritaliviajewelry.com\/et\/wp-json\/wp\/v2\/product_tag?post=492"}],"curies":[{"name":"wp","href":"https:\/\/api.w.org\/{rel}","templated":true}]}}