{"id":447,"date":"2025-06-25T22:13:44","date_gmt":"2025-06-25T19:13:44","guid":{"rendered":"https:\/\/ritaliviajewelry.com\/?post_type=product&#038;p=447"},"modified":"2025-12-09T09:59:51","modified_gmt":"2025-12-09T07:59:51","slug":"silver-earrings-tricksters-rhodolites","status":"publish","type":"product","link":"https:\/\/ritaliviajewelry.com\/et\/toode\/silver-earrings-tricksters-rhodolites\/","title":{"rendered":"H\u00f5bedast k\u00f5rvar\u00f5ngad \"Kratt\" rodoliitidega"},"content":{"rendered":"<div style=\"text-align: left;\">Kratt on igip\u00f5liselt olnud eestlase hingeloom. Ta elab, et t\u00e4ita oma peremehe iga soov ning maagiliselt kombel ei vaja kunagi puhkust.<\/div>\n<div style=\"text-align: left;\">H\u00f5bedast k\u00f5rvar\u00f5ngad \"Kratt\" on valmistatud k\u00e4sit\u00f6\u00f6na ning silmadena s\u00e4ravad neil looduslikud ehtekivid.<\/div>\n<div style=\"text-align: left;\">Tema eesm\u00e4rgiks on tuua oma omanikule silmailu ning meelitada ligi k\u00f5iksugu rikkusi \u2013 nii hingelisi kui ka materiaalseid.<\/div>\n<div style=\"text-align: left;\">.<\/div>\n<div style=\"text-align: left;\"><\/div>\n<div style=\"text-align: left;\">Materjalid: h\u00f5be 925, rodoliidid<\/div>\n<div style=\"text-align: left;\"><span class=\"s2\">\u00d8<\/span><span class=\"s2\">:\u00a0<\/span><span class=\"s3\">17 mm<\/span><\/div>","protected":false},"excerpt":{"rendered":"<p><img loading=\"lazy\" decoding=\"async\" class=\"alignnone size-medium wp-image-432\" src=\"https:\/\/ritaliviajewelry.com\/wp-content\/uploads\/2025\/06\/rhodolite-kratt-1-240x300.jpg\" alt=\"\" width=\"240\" height=\"300\" srcset=\"https:\/\/ritaliviajewelry.com\/wp-content\/uploads\/2025\/06\/rhodolite-kratt-1-240x300.jpg 240w, https:\/\/ritaliviajewelry.com\/wp-content\/uploads\/2025\/06\/rhodolite-kratt-1-960x1200.jpg 960w, https:\/\/ritaliviajewelry.com\/wp-content\/uploads\/2025\/06\/rhodolite-kratt-1-819x1024.jpg 819w, https:\/\/ritaliviajewelry.com\/wp-content\/uploads\/2025\/06\/rhodolite-kratt-1-768x960.jpg 768w, https:\/\/ritaliviajewelry.com\/wp-content\/uploads\/2025\/06\/rhodolite-kratt-1-1229x1536.jpg 1229w, https:\/\/ritaliviajewelry.com\/wp-content\/uploads\/2025\/06\/rhodolite-kratt-1-10x12.jpg 10w, https:\/\/ritaliviajewelry.com\/wp-content\/uploads\/2025\/06\/rhodolite-kratt-1-416x520.jpg 416w, https:\/\/ritaliviajewelry.com\/wp-content\/uploads\/2025\/06\/rhodolite-kratt-1.jpg 1600w\" sizes=\"auto, (max-width:480px) 100vw, (max-width:1024px) 90vw, 1200px\" \/><\/p>","protected":false},"featured_media":984,"template":"","meta":[],"product_brand":[],"product_cat":[15,21],"product_tag":[37],"class_list":{"0":"post-447","1":"product","2":"type-product","3":"status-publish","4":"has-post-thumbnail","6":"product_cat-jewelry","7":"product_cat-earrings","8":"product_tag-kratt","10":"first","11":"instock","12":"shipping-taxable","13":"purchasable","14":"product-type-simple"},"aioseo_notices":[],"_links":{"self":[{"href":"https:\/\/ritaliviajewelry.com\/et\/wp-json\/wp\/v2\/product\/447","targetHints":{"allow":["GET"]}}],"collection":[{"href":"https:\/\/ritaliviajewelry.com\/et\/wp-json\/wp\/v2\/product"}],"about":[{"href":"https:\/\/ritaliviajewelry.com\/et\/wp-json\/wp\/v2\/types\/product"}],"wp:featuredmedia":[{"embeddable":true,"href":"https:\/\/ritaliviajewelry.com\/et\/wp-json\/wp\/v2\/media\/984"}],"wp:attachment":[{"href":"https:\/\/ritaliviajewelry.com\/et\/wp-json\/wp\/v2\/media?parent=447"}],"wp:term":[{"taxonomy":"product_brand","embeddable":true,"href":"https:\/\/ritaliviajewelry.com\/et\/wp-json\/wp\/v2\/product_brand?post=447"},{"taxonomy":"product_cat","embeddable":true,"href":"https:\/\/ritaliviajewelry.com\/et\/wp-json\/wp\/v2\/product_cat?post=447"},{"taxonomy":"product_tag","embeddable":true,"href":"https:\/\/ritaliviajewelry.com\/et\/wp-json\/wp\/v2\/product_tag?post=447"}],"curies":[{"name":"wp","href":"https:\/\/api.w.org\/{rel}","templated":true}]}}