{"id":406,"date":"2025-04-14T22:56:14","date_gmt":"2025-04-14T19:56:14","guid":{"rendered":"https:\/\/ritaliviajewelry.com\/?post_type=product&#038;p=406"},"modified":"2025-11-06T13:33:40","modified_gmt":"2025-11-06T11:33:40","slug":"colony-silver-earrings-with-tanzanites","status":"publish","type":"product","link":"https:\/\/ritaliviajewelry.com\/et\/toode\/colony-silver-earrings-with-tanzanites\/","title":{"rendered":"\"Koloonia\" h\u00f5bedast k\u00f5rvar\u00f5ngad tansaniitidega"},"content":{"rendered":"<p style=\"text-align: left;\">K\u00f5rvar\u00f5ngad ehteseeriast \"Koloonia\"<br \/>\nIga detail on kasvatatud piisk piisa haaval modelleerimisvaha kogumiks. Seej\u00e4rel on see \u00fcmber valatud h\u00f5bedasse ning muudetud seel\u00e4bi igavikuliseks. K\u00f5ige selle tulemusena on iga ehe ainulaadne ning t\u00e4pne kuju ja suurus varieeruvad. Poleeritud mummude vahel annavad lisas\u00e4ra ja v\u00e4rvi looduslikud ehtekivid.<\/p>\n<p style=\"text-align: left;\">Ehted, mis sobivad ideaalselt kandmiseks nii igap\u00e4evaselt kui ka eriti pidulikule \u00fcritusele.<\/p>\n<p style=\"text-align: left;\">Materjalid: h\u00f5be 925, tansaniidid<br \/>\n13 x 20 mm<\/p>","protected":false},"excerpt":{"rendered":"<p><a href=\"https:\/\/ritaliviajewelry.com\/wp-content\/uploads\/2025\/04\/silver-earrings-with-tanzanites1.jpg\"><img loading=\"lazy\" decoding=\"async\" class=\"alignnone wp-image-1043 size-medium\" src=\"https:\/\/ritaliviajewelry.com\/wp-content\/uploads\/2025\/04\/silver-earrings-with-tanzanites1-300x300.jpg\" alt=\"\" width=\"300\" height=\"300\" srcset=\"https:\/\/ritaliviajewelry.com\/wp-content\/uploads\/2025\/04\/silver-earrings-with-tanzanites1-300x300.jpg 300w, https:\/\/ritaliviajewelry.com\/wp-content\/uploads\/2025\/04\/silver-earrings-with-tanzanites1-800x800.jpg 800w, https:\/\/ritaliviajewelry.com\/wp-content\/uploads\/2025\/04\/silver-earrings-with-tanzanites1-400x400.jpg 400w, https:\/\/ritaliviajewelry.com\/wp-content\/uploads\/2025\/04\/silver-earrings-with-tanzanites1-1200x1200.jpg 1200w, https:\/\/ritaliviajewelry.com\/wp-content\/uploads\/2025\/04\/silver-earrings-with-tanzanites1-1024x1024.jpg 1024w, https:\/\/ritaliviajewelry.com\/wp-content\/uploads\/2025\/04\/silver-earrings-with-tanzanites1-150x150.jpg 150w, https:\/\/ritaliviajewelry.com\/wp-content\/uploads\/2025\/04\/silver-earrings-with-tanzanites1-768x768.jpg 768w, https:\/\/ritaliviajewelry.com\/wp-content\/uploads\/2025\/04\/silver-earrings-with-tanzanites1-1536x1536.jpg 1536w, https:\/\/ritaliviajewelry.com\/wp-content\/uploads\/2025\/04\/silver-earrings-with-tanzanites1-12x12.jpg 12w, https:\/\/ritaliviajewelry.com\/wp-content\/uploads\/2025\/04\/silver-earrings-with-tanzanites1-900x900.jpg 900w, https:\/\/ritaliviajewelry.com\/wp-content\/uploads\/2025\/04\/silver-earrings-with-tanzanites1.jpg 1900w\" sizes=\"auto, (max-width:480px) 100vw, (max-width:1024px) 90vw, 1200px\" \/><\/a><\/p>","protected":false},"featured_media":1043,"template":"","meta":[],"product_brand":[],"product_cat":[15,21],"product_tag":[25,54],"class_list":{"0":"post-406","1":"product","2":"type-product","3":"status-publish","4":"has-post-thumbnail","6":"product_cat-jewelry","7":"product_cat-earrings","8":"product_tag-colony","9":"product_tag-koloonia","11":"first","12":"instock","13":"sold-individually","14":"shipping-taxable","15":"purchasable","16":"product-type-simple"},"aioseo_notices":[],"_links":{"self":[{"href":"https:\/\/ritaliviajewelry.com\/et\/wp-json\/wp\/v2\/product\/406","targetHints":{"allow":["GET"]}}],"collection":[{"href":"https:\/\/ritaliviajewelry.com\/et\/wp-json\/wp\/v2\/product"}],"about":[{"href":"https:\/\/ritaliviajewelry.com\/et\/wp-json\/wp\/v2\/types\/product"}],"wp:featuredmedia":[{"embeddable":true,"href":"https:\/\/ritaliviajewelry.com\/et\/wp-json\/wp\/v2\/media\/1043"}],"wp:attachment":[{"href":"https:\/\/ritaliviajewelry.com\/et\/wp-json\/wp\/v2\/media?parent=406"}],"wp:term":[{"taxonomy":"product_brand","embeddable":true,"href":"https:\/\/ritaliviajewelry.com\/et\/wp-json\/wp\/v2\/product_brand?post=406"},{"taxonomy":"product_cat","embeddable":true,"href":"https:\/\/ritaliviajewelry.com\/et\/wp-json\/wp\/v2\/product_cat?post=406"},{"taxonomy":"product_tag","embeddable":true,"href":"https:\/\/ritaliviajewelry.com\/et\/wp-json\/wp\/v2\/product_tag?post=406"}],"curies":[{"name":"wp","href":"https:\/\/api.w.org\/{rel}","templated":true}]}}