{"id":333,"date":"2025-04-12T23:28:02","date_gmt":"2025-04-12T20:28:02","guid":{"rendered":"https:\/\/ritaliviajewelry.com\/?post_type=product&#038;p=333"},"modified":"2025-11-06T12:51:59","modified_gmt":"2025-11-06T10:51:59","slug":"colony-silver-necklace-with-tanzanite","status":"publish","type":"product","link":"https:\/\/ritaliviajewelry.com\/et\/toode\/colony-silver-necklace-with-tanzanite\/","title":{"rendered":"\"Koloonia\" h\u00f5bedast kaelaehe tansaniidiga"},"content":{"rendered":"<p style=\"text-align: left;\">Kaelaehe ehteseeriast \"Koloonia\".<br \/>\nIga detail on kasvatatud piisk piisa haaval modelleerimisvaha kogumiks. Seej\u00e4rel on see \u00fcmber valatud h\u00f5bedasse ning muudetud seel\u00e4bi igavikuliseks. K\u00f5ige selle tulemusena on iga ehe ainulaadne ning t\u00e4pne kuju ja suurus varieeruvad. Poleeritud mummude vahel annavad lisas\u00e4ra ja v\u00e4rvi looduslikud ehtekivid.<\/p>\n<p style=\"text-align: left;\">Kaelaehe, mis sobib ideaalselt kandmiseks nii igap\u00e4evaselt kui ka eriti pidulikule \u00fcritusele.<br \/>\nSelle kaelaehte pikkus on reguleeritav.<\/p>\n<p style=\"text-align: left;\">Materjalid: h\u00f5be 925, tansaniit<br \/>\nKaal: 5 g<br \/>\nPikkus: maksimaalne pikkus on 52 cm<\/p>","protected":false},"excerpt":{"rendered":"<p><a href=\"https:\/\/ritaliviajewelry.com\/wp-content\/uploads\/2025\/04\/silver-necklace-with-tanzanite2.jpg\"><img loading=\"lazy\" decoding=\"async\" class=\"alignnone wp-image-1038 size-medium\" src=\"https:\/\/ritaliviajewelry.com\/wp-content\/uploads\/2025\/04\/silver-necklace-with-tanzanite2-300x300.jpg\" alt=\"\" width=\"300\" height=\"300\" srcset=\"https:\/\/ritaliviajewelry.com\/wp-content\/uploads\/2025\/04\/silver-necklace-with-tanzanite2-300x300.jpg 300w, https:\/\/ritaliviajewelry.com\/wp-content\/uploads\/2025\/04\/silver-necklace-with-tanzanite2-800x800.jpg 800w, https:\/\/ritaliviajewelry.com\/wp-content\/uploads\/2025\/04\/silver-necklace-with-tanzanite2-400x400.jpg 400w, https:\/\/ritaliviajewelry.com\/wp-content\/uploads\/2025\/04\/silver-necklace-with-tanzanite2-1200x1200.jpg 1200w, https:\/\/ritaliviajewelry.com\/wp-content\/uploads\/2025\/04\/silver-necklace-with-tanzanite2-1024x1024.jpg 1024w, https:\/\/ritaliviajewelry.com\/wp-content\/uploads\/2025\/04\/silver-necklace-with-tanzanite2-150x150.jpg 150w, https:\/\/ritaliviajewelry.com\/wp-content\/uploads\/2025\/04\/silver-necklace-with-tanzanite2-768x768.jpg 768w, https:\/\/ritaliviajewelry.com\/wp-content\/uploads\/2025\/04\/silver-necklace-with-tanzanite2-1536x1536.jpg 1536w, https:\/\/ritaliviajewelry.com\/wp-content\/uploads\/2025\/04\/silver-necklace-with-tanzanite2-12x12.jpg 12w, https:\/\/ritaliviajewelry.com\/wp-content\/uploads\/2025\/04\/silver-necklace-with-tanzanite2-900x900.jpg 900w, https:\/\/ritaliviajewelry.com\/wp-content\/uploads\/2025\/04\/silver-necklace-with-tanzanite2.jpg 1900w\" sizes=\"auto, (max-width:480px) 100vw, (max-width:1024px) 90vw, 1200px\" \/><\/a><\/p>","protected":false},"featured_media":1038,"template":"","meta":[],"product_brand":[],"product_cat":[15,28],"product_tag":[25,54],"class_list":{"0":"post-333","1":"product","2":"type-product","3":"status-publish","4":"has-post-thumbnail","6":"product_cat-jewelry","7":"product_cat-necklaces","8":"product_tag-colony","9":"product_tag-koloonia","11":"first","12":"instock","13":"shipping-taxable","14":"purchasable","15":"product-type-simple"},"aioseo_notices":[],"_links":{"self":[{"href":"https:\/\/ritaliviajewelry.com\/et\/wp-json\/wp\/v2\/product\/333","targetHints":{"allow":["GET"]}}],"collection":[{"href":"https:\/\/ritaliviajewelry.com\/et\/wp-json\/wp\/v2\/product"}],"about":[{"href":"https:\/\/ritaliviajewelry.com\/et\/wp-json\/wp\/v2\/types\/product"}],"wp:featuredmedia":[{"embeddable":true,"href":"https:\/\/ritaliviajewelry.com\/et\/wp-json\/wp\/v2\/media\/1038"}],"wp:attachment":[{"href":"https:\/\/ritaliviajewelry.com\/et\/wp-json\/wp\/v2\/media?parent=333"}],"wp:term":[{"taxonomy":"product_brand","embeddable":true,"href":"https:\/\/ritaliviajewelry.com\/et\/wp-json\/wp\/v2\/product_brand?post=333"},{"taxonomy":"product_cat","embeddable":true,"href":"https:\/\/ritaliviajewelry.com\/et\/wp-json\/wp\/v2\/product_cat?post=333"},{"taxonomy":"product_tag","embeddable":true,"href":"https:\/\/ritaliviajewelry.com\/et\/wp-json\/wp\/v2\/product_tag?post=333"}],"curies":[{"name":"wp","href":"https:\/\/api.w.org\/{rel}","templated":true}]}}