{"id":201,"date":"2025-03-24T10:45:29","date_gmt":"2025-03-24T08:45:29","guid":{"rendered":"https:\/\/ritaliviajewelry.com\/?post_type=product&#038;p=201"},"modified":"2025-09-24T00:49:38","modified_gmt":"2025-09-23T21:49:38","slug":"fairy-tale-ear-cuff-2","status":"publish","type":"product","link":"https:\/\/ritaliviajewelry.com\/et\/toode\/fairy-tale-ear-cuff-2\/","title":{"rendered":"H\u00f5bedast k\u00f5rvamansett \"Muinasjutt\""},"content":{"rendered":"<p style=\"text-align: left;\">\u201eMuinasjutt\u201c on k\u00f5rvaehete seeria, mis oli inspireeritud neist metsikutest lugudest ja tegelastest, mis meile juba varasest lapsep\u00f5lvest tuttavad on. Haldjad, lohed, maagid, \u00fckssarvikud ja k\u00f5iksugu muud m\u00fcstilised olendid.<\/p>\n<p style=\"text-align: left;\">Minu t\u00f5lgendus muinasjutu olemusest materialiseerus selles lihtsas, piire kompavas, kuid elegantses vormis, mis eksisteerib v\u00e4ljaspool moemaailma ja trende.<\/p>\n<ul style=\"text-align: left;\">\n<li>See unikaalne disain istub mugavalt peaaegu iga\u00fche k\u00f5rvas<\/li>\n<li>K\u00f5rvaauke pole selle ehte kandmiseks vaja<\/li>\n<li>Iga k\u00f5rvamansett on valmistatud k\u00e4sit\u00f6\u00f6na Eestis, seega t\u00e4pne kuju ja suurus varieeruvad pisut<\/li>\n<\/ul>\n<p style=\"text-align: left;\">Materjal: h\u00f5be 925<\/p>","protected":false},"excerpt":{"rendered":"<p>K\u00f5rvamansett paremale k\u00f5rvale<\/p>","protected":false},"featured_media":200,"template":"","meta":[],"product_brand":[],"product_cat":[15,22],"product_tag":[23,24],"class_list":{"0":"post-201","1":"product","2":"type-product","3":"status-publish","4":"has-post-thumbnail","6":"product_cat-jewelry","7":"product_cat-ear-cuffs","8":"product_tag-ear-cuff","9":"product_tag-fairy-tale","11":"first","12":"instock","13":"shipping-taxable","14":"purchasable","15":"product-type-simple"},"aioseo_notices":[],"_links":{"self":[{"href":"https:\/\/ritaliviajewelry.com\/et\/wp-json\/wp\/v2\/product\/201","targetHints":{"allow":["GET"]}}],"collection":[{"href":"https:\/\/ritaliviajewelry.com\/et\/wp-json\/wp\/v2\/product"}],"about":[{"href":"https:\/\/ritaliviajewelry.com\/et\/wp-json\/wp\/v2\/types\/product"}],"wp:featuredmedia":[{"embeddable":true,"href":"https:\/\/ritaliviajewelry.com\/et\/wp-json\/wp\/v2\/media\/200"}],"wp:attachment":[{"href":"https:\/\/ritaliviajewelry.com\/et\/wp-json\/wp\/v2\/media?parent=201"}],"wp:term":[{"taxonomy":"product_brand","embeddable":true,"href":"https:\/\/ritaliviajewelry.com\/et\/wp-json\/wp\/v2\/product_brand?post=201"},{"taxonomy":"product_cat","embeddable":true,"href":"https:\/\/ritaliviajewelry.com\/et\/wp-json\/wp\/v2\/product_cat?post=201"},{"taxonomy":"product_tag","embeddable":true,"href":"https:\/\/ritaliviajewelry.com\/et\/wp-json\/wp\/v2\/product_tag?post=201"}],"curies":[{"name":"wp","href":"https:\/\/api.w.org\/{rel}","templated":true}]}}