{"id":1544,"date":"2026-02-09T09:27:10","date_gmt":"2026-02-09T07:27:10","guid":{"rendered":"https:\/\/ritaliviajewelry.com\/?post_type=product&#038;p=1544"},"modified":"2026-02-14T01:28:48","modified_gmt":"2026-02-13T23:28:48","slug":"pink-spinel","status":"publish","type":"product","link":"https:\/\/ritaliviajewelry.com\/et\/toode\/pink-spinel\/","title":{"rendered":"Roosa spinell"},"content":{"rendered":"<p style=\"text-align: left;\">Weight: 1.02 ct<br \/>\nColor: Light Pink<br \/>\nDimensions: 6.14 x 4.95 x 4.18 mm<br \/>\nParendamised: puuduvad<br \/>\nK\u00f5vadus: 8\/10<\/p>\n<p style=\"text-align: left;\">Kivi lihvis k\u00e4sit\u00f6\u00f6na Rita-Livia Erikson.<\/p>\n<div style=\"width: 800px;\" class=\"wp-video\"><video class=\"wp-video-shortcode\" id=\"video-1544-1\" width=\"800\" height=\"800\" preload=\"metadata\" controls=\"controls\"><source type=\"video\/mp4\" src=\"https:\/\/ritaliviajewelry.com\/wp-content\/uploads\/2026\/02\/Pink-Spinel-1.02-ct-0.mp4?_=1\" \/><a href=\"https:\/\/ritaliviajewelry.com\/wp-content\/uploads\/2026\/02\/Pink-Spinel-1.02-ct-0.mp4\">https:\/\/ritaliviajewelry.com\/wp-content\/uploads\/2026\/02\/Pink-Spinel-1.02-ct-0.mp4<\/a><\/video><\/div>","protected":false},"excerpt":{"rendered":"<p>Spinell on pika ajalooga ehtekivi. Seda leidub mitmetes eri v\u00e4rvides ning on suurep\u00e4rane variant igap\u00e4evaselt kantavasse ehtesse.Pisut tagasihoidlikuma tooniga h\u00f5bedane heleroosa, mida saadavad iseloom ja s\u00e4ra, sobitub kokku k\u00f5igega - igaks eluhetkeks.<\/p>","protected":false},"featured_media":1545,"template":"","meta":[],"product_brand":[],"product_cat":[42,64],"product_tag":[60],"class_list":{"0":"post-1544","1":"product","2":"type-product","3":"status-publish","4":"has-post-thumbnail","6":"product_cat-gemstones","7":"product_cat-spinel","8":"product_tag-spinel","10":"first","11":"instock","12":"shipping-taxable","13":"purchasable","14":"product-type-simple"},"aioseo_notices":[],"_links":{"self":[{"href":"https:\/\/ritaliviajewelry.com\/et\/wp-json\/wp\/v2\/product\/1544","targetHints":{"allow":["GET"]}}],"collection":[{"href":"https:\/\/ritaliviajewelry.com\/et\/wp-json\/wp\/v2\/product"}],"about":[{"href":"https:\/\/ritaliviajewelry.com\/et\/wp-json\/wp\/v2\/types\/product"}],"wp:featuredmedia":[{"embeddable":true,"href":"https:\/\/ritaliviajewelry.com\/et\/wp-json\/wp\/v2\/media\/1545"}],"wp:attachment":[{"href":"https:\/\/ritaliviajewelry.com\/et\/wp-json\/wp\/v2\/media?parent=1544"}],"wp:term":[{"taxonomy":"product_brand","embeddable":true,"href":"https:\/\/ritaliviajewelry.com\/et\/wp-json\/wp\/v2\/product_brand?post=1544"},{"taxonomy":"product_cat","embeddable":true,"href":"https:\/\/ritaliviajewelry.com\/et\/wp-json\/wp\/v2\/product_cat?post=1544"},{"taxonomy":"product_tag","embeddable":true,"href":"https:\/\/ritaliviajewelry.com\/et\/wp-json\/wp\/v2\/product_tag?post=1544"}],"curies":[{"name":"wp","href":"https:\/\/api.w.org\/{rel}","templated":true}]}}