{"id":1542,"date":"2026-02-09T09:23:03","date_gmt":"2026-02-09T07:23:03","guid":{"rendered":"https:\/\/ritaliviajewelry.com\/?post_type=product&#038;p=1542"},"modified":"2026-02-13T09:48:14","modified_gmt":"2026-02-13T07:48:14","slug":"sapphire-4","status":"publish","type":"product","link":"https:\/\/ritaliviajewelry.com\/et\/toode\/sapphire-4\/","title":{"rendered":"Safiir"},"content":{"rendered":"<p style=\"text-align: left;\">Kaal: 1.52 ct<br \/>\nV\u00e4rv: rohekas sinine<br \/>\nM\u00f5\u00f5dud: 7.71 x 6.21 x 4.20 mm<br \/>\nParendamised: kivi on standardsetel meetoditel kuumutatud k\u00f5rgetel temperatuuridel<br \/>\nK\u00f5vadus: 9\/10<\/p>\n<p style=\"text-align: left;\">Kivi lihvis k\u00e4sit\u00f6\u00f6na Rita-Livia Erikson<\/p>\n<div style=\"width: 800px;\" class=\"wp-video\"><video class=\"wp-video-shortcode\" id=\"video-1542-1\" width=\"800\" height=\"800\" preload=\"metadata\" controls=\"controls\"><source type=\"video\/mp4\" src=\"https:\/\/ritaliviajewelry.com\/wp-content\/uploads\/2026\/02\/Sapphire-1.52-ct-0.mp4?_=1\" \/><a href=\"https:\/\/ritaliviajewelry.com\/wp-content\/uploads\/2026\/02\/Sapphire-1.52-ct-0.mp4\">https:\/\/ritaliviajewelry.com\/wp-content\/uploads\/2026\/02\/Sapphire-1.52-ct-0.mp4<\/a><\/video><\/div>","protected":false},"excerpt":{"rendered":"<p>Safiir on alati suurep\u00e4rane valik igap\u00e4evaselt kantavasse ehtesse. Ning seda leidub pea k\u00f5ikides v\u00e4rvides. Looduslik safiir on k\u00f5ige sagedamini esimene valik kihlas\u00f5rmusesse, kui otsitakse midagi, mis ei oleks teemant - midagi, millel oleks v\u00e4rvi, s\u00e4ra ning oleks samal ajal vastupidav ja unikaalne. Iidse ajalooga ehtekivi.<\/p>","protected":false},"featured_media":1543,"template":"","meta":[],"product_brand":[],"product_cat":[42,61],"product_tag":[58],"class_list":{"0":"post-1542","1":"product","2":"type-product","3":"status-publish","4":"has-post-thumbnail","6":"product_cat-gemstones","7":"product_cat-sapphire","8":"product_tag-sapphire","10":"first","11":"instock","12":"shipping-taxable","13":"purchasable","14":"product-type-simple"},"aioseo_notices":[],"_links":{"self":[{"href":"https:\/\/ritaliviajewelry.com\/et\/wp-json\/wp\/v2\/product\/1542","targetHints":{"allow":["GET"]}}],"collection":[{"href":"https:\/\/ritaliviajewelry.com\/et\/wp-json\/wp\/v2\/product"}],"about":[{"href":"https:\/\/ritaliviajewelry.com\/et\/wp-json\/wp\/v2\/types\/product"}],"wp:featuredmedia":[{"embeddable":true,"href":"https:\/\/ritaliviajewelry.com\/et\/wp-json\/wp\/v2\/media\/1543"}],"wp:attachment":[{"href":"https:\/\/ritaliviajewelry.com\/et\/wp-json\/wp\/v2\/media?parent=1542"}],"wp:term":[{"taxonomy":"product_brand","embeddable":true,"href":"https:\/\/ritaliviajewelry.com\/et\/wp-json\/wp\/v2\/product_brand?post=1542"},{"taxonomy":"product_cat","embeddable":true,"href":"https:\/\/ritaliviajewelry.com\/et\/wp-json\/wp\/v2\/product_cat?post=1542"},{"taxonomy":"product_tag","embeddable":true,"href":"https:\/\/ritaliviajewelry.com\/et\/wp-json\/wp\/v2\/product_tag?post=1542"}],"curies":[{"name":"wp","href":"https:\/\/api.w.org\/{rel}","templated":true}]}}