{"id":1538,"date":"2026-02-09T09:18:27","date_gmt":"2026-02-09T07:18:27","guid":{"rendered":"https:\/\/ritaliviajewelry.com\/?post_type=product&#038;p=1538"},"modified":"2026-02-13T09:48:23","modified_gmt":"2026-02-13T07:48:23","slug":"almandine-garnet","status":"publish","type":"product","link":"https:\/\/ritaliviajewelry.com\/et\/toode\/almandine-garnet\/","title":{"rendered":"Almandiin"},"content":{"rendered":"<p style=\"text-align: left;\">Kaal: 2.12 ct<br \/>\nV\u00e4rv: punane<br \/>\nM\u00f5\u00f5dud: 9.40 x 7.04 x 4.95 mm<br \/>\nParendamised: puuduvad<br \/>\nK\u00f5vadus: 7-7,5\/10<\/p>\n<p style=\"text-align: left;\">Kivi lihvis k\u00e4sit\u00f6\u00f6na Rita-Livia Erikson<\/p>\n<div style=\"width: 800px;\" class=\"wp-video\"><video class=\"wp-video-shortcode\" id=\"video-1538-1\" width=\"800\" height=\"800\" preload=\"metadata\" controls=\"controls\"><source type=\"video\/mp4\" src=\"https:\/\/ritaliviajewelry.com\/wp-content\/uploads\/2026\/02\/Almandine-garnet-2.12-ct-0.mp4?_=1\" \/><a href=\"https:\/\/ritaliviajewelry.com\/wp-content\/uploads\/2026\/02\/Almandine-garnet-2.12-ct-0.mp4\">https:\/\/ritaliviajewelry.com\/wp-content\/uploads\/2026\/02\/Almandine-garnet-2.12-ct-0.mp4<\/a><\/video><\/div>","protected":false},"excerpt":{"rendered":"<p>Almandiin on punastest granaatidest k\u00f5ige levinum. Selle s\u00fcgavpunane v\u00e4rv lummab k\u00f5iki neid, keda t\u00f5mbab tumedama ja m\u00fcstilisema stiilige ehete poole.<\/p>","protected":false},"featured_media":1539,"template":"","meta":[],"product_brand":[],"product_cat":[63,42],"product_tag":[],"class_list":{"0":"post-1538","1":"product","2":"type-product","3":"status-publish","4":"has-post-thumbnail","6":"product_cat-garnet","7":"product_cat-gemstones","9":"first","10":"instock","11":"shipping-taxable","12":"purchasable","13":"product-type-simple"},"aioseo_notices":[],"_links":{"self":[{"href":"https:\/\/ritaliviajewelry.com\/et\/wp-json\/wp\/v2\/product\/1538","targetHints":{"allow":["GET"]}}],"collection":[{"href":"https:\/\/ritaliviajewelry.com\/et\/wp-json\/wp\/v2\/product"}],"about":[{"href":"https:\/\/ritaliviajewelry.com\/et\/wp-json\/wp\/v2\/types\/product"}],"wp:featuredmedia":[{"embeddable":true,"href":"https:\/\/ritaliviajewelry.com\/et\/wp-json\/wp\/v2\/media\/1539"}],"wp:attachment":[{"href":"https:\/\/ritaliviajewelry.com\/et\/wp-json\/wp\/v2\/media?parent=1538"}],"wp:term":[{"taxonomy":"product_brand","embeddable":true,"href":"https:\/\/ritaliviajewelry.com\/et\/wp-json\/wp\/v2\/product_brand?post=1538"},{"taxonomy":"product_cat","embeddable":true,"href":"https:\/\/ritaliviajewelry.com\/et\/wp-json\/wp\/v2\/product_cat?post=1538"},{"taxonomy":"product_tag","embeddable":true,"href":"https:\/\/ritaliviajewelry.com\/et\/wp-json\/wp\/v2\/product_tag?post=1538"}],"curies":[{"name":"wp","href":"https:\/\/api.w.org\/{rel}","templated":true}]}}