{"id":1532,"date":"2026-02-09T09:13:36","date_gmt":"2026-02-09T07:13:36","guid":{"rendered":"https:\/\/ritaliviajewelry.com\/?post_type=product&#038;p=1532"},"modified":"2026-02-13T09:48:38","modified_gmt":"2026-02-13T07:48:38","slug":"heliodor","status":"publish","type":"product","link":"https:\/\/ritaliviajewelry.com\/et\/toode\/heliodor\/","title":{"rendered":"Heliodoor"},"content":{"rendered":"<p style=\"text-align: left;\">Kaal: 4.59 ct<br \/>\nV\u00e4rv: kollane<br \/>\nM\u00f5\u00f5dud: 16.32 x 10.35 x 7.14 mm<br \/>\nParendamised: puuduvad<br \/>\nK\u00f5vadus: 7,5-8\/10<\/p>\n<p style=\"text-align: left;\">Kivi lihvis k\u00e4sit\u00f6\u00f6na Rita-Livia Erikson<\/p>\n<div style=\"width: 800px;\" class=\"wp-video\"><video class=\"wp-video-shortcode\" id=\"video-1532-1\" width=\"800\" height=\"800\" preload=\"metadata\" controls=\"controls\"><source type=\"video\/mp4\" src=\"https:\/\/ritaliviajewelry.com\/wp-content\/uploads\/2026\/02\/Heliodor-4.59-ct-0.mp4?_=1\" \/><a href=\"https:\/\/ritaliviajewelry.com\/wp-content\/uploads\/2026\/02\/Heliodor-4.59-ct-0.mp4\">https:\/\/ritaliviajewelry.com\/wp-content\/uploads\/2026\/02\/Heliodor-4.59-ct-0.mp4<\/a><\/video><\/div>","protected":false},"excerpt":{"rendered":"<p>Heliodoor on ber\u00fcll - nagu ka smaragd ja akvamariin. Kuid see ber\u00fcll on kollane. Nimetus \"heliodoor\" tuleneb kreeka keelsetest s\u00f5nadest \"helios\" (p\u00e4ike) ja \"doron\" (kingitus), mis kokku teeb selle t\u00e4henduseks \"p\u00e4ikese kingitus\".<\/p>","protected":false},"featured_media":1534,"template":"","meta":[],"product_brand":[],"product_cat":[65,42],"product_tag":[],"class_list":{"0":"post-1532","1":"product","2":"type-product","3":"status-publish","4":"has-post-thumbnail","6":"product_cat-beryl","7":"product_cat-gemstones","9":"first","10":"instock","11":"shipping-taxable","12":"purchasable","13":"product-type-simple"},"aioseo_notices":[],"_links":{"self":[{"href":"https:\/\/ritaliviajewelry.com\/et\/wp-json\/wp\/v2\/product\/1532","targetHints":{"allow":["GET"]}}],"collection":[{"href":"https:\/\/ritaliviajewelry.com\/et\/wp-json\/wp\/v2\/product"}],"about":[{"href":"https:\/\/ritaliviajewelry.com\/et\/wp-json\/wp\/v2\/types\/product"}],"wp:featuredmedia":[{"embeddable":true,"href":"https:\/\/ritaliviajewelry.com\/et\/wp-json\/wp\/v2\/media\/1534"}],"wp:attachment":[{"href":"https:\/\/ritaliviajewelry.com\/et\/wp-json\/wp\/v2\/media?parent=1532"}],"wp:term":[{"taxonomy":"product_brand","embeddable":true,"href":"https:\/\/ritaliviajewelry.com\/et\/wp-json\/wp\/v2\/product_brand?post=1532"},{"taxonomy":"product_cat","embeddable":true,"href":"https:\/\/ritaliviajewelry.com\/et\/wp-json\/wp\/v2\/product_cat?post=1532"},{"taxonomy":"product_tag","embeddable":true,"href":"https:\/\/ritaliviajewelry.com\/et\/wp-json\/wp\/v2\/product_tag?post=1532"}],"curies":[{"name":"wp","href":"https:\/\/api.w.org\/{rel}","templated":true}]}}