{"id":1529,"date":"2026-02-09T09:11:36","date_gmt":"2026-02-09T07:11:36","guid":{"rendered":"https:\/\/ritaliviajewelry.com\/?post_type=product&#038;p=1529"},"modified":"2026-02-13T09:48:46","modified_gmt":"2026-02-13T07:48:46","slug":"aquamarine-2","status":"publish","type":"product","link":"https:\/\/ritaliviajewelry.com\/et\/toode\/aquamarine-2\/","title":{"rendered":"Akvamariin"},"content":{"rendered":"<p style=\"text-align: left;\">Kaal: 1.48 ct<br \/>\nV\u00e4rv: sinine<br \/>\nM\u00f5\u00f5dud: 10.78 x 5.28 x 4.51 mm<br \/>\nParendamised: puuduvad<br \/>\nK\u00f5vadus: 7,5-8\/10<\/p>\n<p style=\"text-align: left;\">Kivi lihvis k\u00e4sit\u00f6\u00f6na Rita-Livia Erikson<\/p>\n<div style=\"width: 800px;\" class=\"wp-video\"><video class=\"wp-video-shortcode\" id=\"video-1529-1\" width=\"800\" height=\"800\" preload=\"metadata\" controls=\"controls\"><source type=\"video\/mp4\" src=\"https:\/\/ritaliviajewelry.com\/wp-content\/uploads\/2026\/02\/Aquamarine-1.48-ct-0.mp4?_=1\" \/><a href=\"https:\/\/ritaliviajewelry.com\/wp-content\/uploads\/2026\/02\/Aquamarine-1.48-ct-0.mp4\">https:\/\/ritaliviajewelry.com\/wp-content\/uploads\/2026\/02\/Aquamarine-1.48-ct-0.mp4<\/a><\/video><\/div>","protected":false},"excerpt":{"rendered":"<p>Akvamariin on smaragdi j\u00e4rel tuntuselt j\u00e4rgmine ber\u00fcll. Tema sinine v\u00e4rv on lummanud inimesi juba sajandeid. See sinine ehtekivi on suurep\u00e4rane valik, kui otsid igap\u00e4evaselt kantavasse ehtesse midagi, mis meenutaks p\u00e4ikese sillerdusi sinise vee pinnal.<\/p>","protected":false},"featured_media":1530,"template":"","meta":[],"product_brand":[],"product_cat":[65,42],"product_tag":[],"class_list":{"0":"post-1529","1":"product","2":"type-product","3":"status-publish","4":"has-post-thumbnail","6":"product_cat-beryl","7":"product_cat-gemstones","9":"first","10":"instock","11":"shipping-taxable","12":"purchasable","13":"product-type-simple"},"aioseo_notices":[],"_links":{"self":[{"href":"https:\/\/ritaliviajewelry.com\/et\/wp-json\/wp\/v2\/product\/1529","targetHints":{"allow":["GET"]}}],"collection":[{"href":"https:\/\/ritaliviajewelry.com\/et\/wp-json\/wp\/v2\/product"}],"about":[{"href":"https:\/\/ritaliviajewelry.com\/et\/wp-json\/wp\/v2\/types\/product"}],"wp:featuredmedia":[{"embeddable":true,"href":"https:\/\/ritaliviajewelry.com\/et\/wp-json\/wp\/v2\/media\/1530"}],"wp:attachment":[{"href":"https:\/\/ritaliviajewelry.com\/et\/wp-json\/wp\/v2\/media?parent=1529"}],"wp:term":[{"taxonomy":"product_brand","embeddable":true,"href":"https:\/\/ritaliviajewelry.com\/et\/wp-json\/wp\/v2\/product_brand?post=1529"},{"taxonomy":"product_cat","embeddable":true,"href":"https:\/\/ritaliviajewelry.com\/et\/wp-json\/wp\/v2\/product_cat?post=1529"},{"taxonomy":"product_tag","embeddable":true,"href":"https:\/\/ritaliviajewelry.com\/et\/wp-json\/wp\/v2\/product_tag?post=1529"}],"curies":[{"name":"wp","href":"https:\/\/api.w.org\/{rel}","templated":true}]}}