{"id":1526,"date":"2026-02-09T09:09:17","date_gmt":"2026-02-09T07:09:17","guid":{"rendered":"https:\/\/ritaliviajewelry.com\/?post_type=product&#038;p=1526"},"modified":"2026-02-13T09:48:53","modified_gmt":"2026-02-13T07:48:53","slug":"yellow-tourmaline","status":"publish","type":"product","link":"https:\/\/ritaliviajewelry.com\/et\/toode\/yellow-tourmaline\/","title":{"rendered":"Kollane turmaliin"},"content":{"rendered":"<p style=\"text-align: left;\">Kaal: 1.10 ct<br \/>\nV\u00e4rv: kollane<br \/>\nM\u00f5\u00f5dud: 8.42 x 6.20 x 3.98 mm<br \/>\nParendamised: puuduvad<br \/>\nK\u00f5vadus: 7-7,5\/10<\/p>\n<p style=\"text-align: left;\">Kivi lihvis k\u00e4sit\u00f6\u00f6na Rita-Livia Erikson<\/p>\n<div style=\"width: 800px;\" class=\"wp-video\"><video class=\"wp-video-shortcode\" id=\"video-1526-1\" width=\"800\" height=\"800\" preload=\"metadata\" controls=\"controls\"><source type=\"video\/mp4\" src=\"https:\/\/ritaliviajewelry.com\/wp-content\/uploads\/2026\/02\/Yellow-Tourmaline-1.10-ct-0.mp4?_=1\" \/><a href=\"https:\/\/ritaliviajewelry.com\/wp-content\/uploads\/2026\/02\/Yellow-Tourmaline-1.10-ct-0.mp4\">https:\/\/ritaliviajewelry.com\/wp-content\/uploads\/2026\/02\/Yellow-Tourmaline-1.10-ct-0.mp4<\/a><\/video><\/div>","protected":false},"excerpt":{"rendered":"<p>\u00dchtki teist mineraali ei leidu nii paljudes eri v\u00e4rvides, kui turmaliine. Tulenevalt selle mineraali omadustest n\u00e4eme me \u00fches s\u00e4ravas fassettlihvis turmaliinis tavaliselt 2 eri v\u00e4rvi sees ringi tantsisklemas. Need esinevad seal korraga ning s\u00f5ltuvalt kristalli vaatamise suunast n\u00e4eme rohkem kas \u00fcht v\u00f5i teist.<\/p>","protected":false},"featured_media":1527,"template":"","meta":[],"product_brand":[],"product_cat":[42,62],"product_tag":[],"class_list":{"0":"post-1526","1":"product","2":"type-product","3":"status-publish","4":"has-post-thumbnail","6":"product_cat-gemstones","7":"product_cat-tourmaline","9":"first","10":"instock","11":"shipping-taxable","12":"purchasable","13":"product-type-simple"},"aioseo_notices":[],"_links":{"self":[{"href":"https:\/\/ritaliviajewelry.com\/et\/wp-json\/wp\/v2\/product\/1526","targetHints":{"allow":["GET"]}}],"collection":[{"href":"https:\/\/ritaliviajewelry.com\/et\/wp-json\/wp\/v2\/product"}],"about":[{"href":"https:\/\/ritaliviajewelry.com\/et\/wp-json\/wp\/v2\/types\/product"}],"wp:featuredmedia":[{"embeddable":true,"href":"https:\/\/ritaliviajewelry.com\/et\/wp-json\/wp\/v2\/media\/1527"}],"wp:attachment":[{"href":"https:\/\/ritaliviajewelry.com\/et\/wp-json\/wp\/v2\/media?parent=1526"}],"wp:term":[{"taxonomy":"product_brand","embeddable":true,"href":"https:\/\/ritaliviajewelry.com\/et\/wp-json\/wp\/v2\/product_brand?post=1526"},{"taxonomy":"product_cat","embeddable":true,"href":"https:\/\/ritaliviajewelry.com\/et\/wp-json\/wp\/v2\/product_cat?post=1526"},{"taxonomy":"product_tag","embeddable":true,"href":"https:\/\/ritaliviajewelry.com\/et\/wp-json\/wp\/v2\/product_tag?post=1526"}],"curies":[{"name":"wp","href":"https:\/\/api.w.org\/{rel}","templated":true}]}}