{"id":1507,"date":"2026-02-07T23:13:08","date_gmt":"2026-02-07T21:13:08","guid":{"rendered":"https:\/\/ritaliviajewelry.com\/?post_type=product&#038;p=1507"},"modified":"2026-02-13T09:49:18","modified_gmt":"2026-02-13T07:49:18","slug":"rhodolite-garnet","status":"publish","type":"product","link":"https:\/\/ritaliviajewelry.com\/et\/toode\/rhodolite-garnet\/","title":{"rendered":"Rodoliit"},"content":{"rendered":"<p style=\"text-align: left;\">Kaal: 2.26 ct<br \/>\nV\u00e4rv: vaarikapunane<br \/>\nM\u00f5\u00f5dud: 8.90 x 6.96 x 5.06 mm<br \/>\nParendamised: puuduvad<br \/>\nK\u00f5vadus: 7-7,5\/10<\/p>\n<p style=\"text-align: left;\">Kivi lihvis k\u00e4sit\u00f6\u00f6na Rita-Livia Erikson<\/p>\n<div style=\"width: 800px;\" class=\"wp-video\"><video class=\"wp-video-shortcode\" id=\"video-1507-1\" width=\"800\" height=\"800\" preload=\"metadata\" controls=\"controls\"><source type=\"video\/mp4\" src=\"https:\/\/ritaliviajewelry.com\/wp-content\/uploads\/2026\/02\/Rhodolite-garnet-2.26-ct-0.mp4?_=1\" \/><a href=\"https:\/\/ritaliviajewelry.com\/wp-content\/uploads\/2026\/02\/Rhodolite-garnet-2.26-ct-0.mp4\">https:\/\/ritaliviajewelry.com\/wp-content\/uploads\/2026\/02\/Rhodolite-garnet-2.26-ct-0.mp4<\/a><\/video><\/div>","protected":false},"excerpt":{"rendered":"<p>Rodoliit on tuntud kui k\u00f5ige populaarsem kivi k\u00f5ikidest punastest granaatidest. Oskusliku lihvimisega saab selle lillakas-punase kivi justkui s\u00f6ena s\u00e4rama panna. Tegemist on suurep\u00e4rase valikuga, kui otsid looduslikku ehtekivi igap\u00e4evaselt kantavasse ehtesse.<\/p>","protected":false},"featured_media":1500,"template":"","meta":[],"product_brand":[],"product_cat":[63,42],"product_tag":[],"class_list":{"0":"post-1507","1":"product","2":"type-product","3":"status-publish","4":"has-post-thumbnail","6":"product_cat-garnet","7":"product_cat-gemstones","9":"first","10":"instock","11":"shipping-taxable","12":"purchasable","13":"product-type-simple"},"aioseo_notices":[],"_links":{"self":[{"href":"https:\/\/ritaliviajewelry.com\/et\/wp-json\/wp\/v2\/product\/1507","targetHints":{"allow":["GET"]}}],"collection":[{"href":"https:\/\/ritaliviajewelry.com\/et\/wp-json\/wp\/v2\/product"}],"about":[{"href":"https:\/\/ritaliviajewelry.com\/et\/wp-json\/wp\/v2\/types\/product"}],"wp:featuredmedia":[{"embeddable":true,"href":"https:\/\/ritaliviajewelry.com\/et\/wp-json\/wp\/v2\/media\/1500"}],"wp:attachment":[{"href":"https:\/\/ritaliviajewelry.com\/et\/wp-json\/wp\/v2\/media?parent=1507"}],"wp:term":[{"taxonomy":"product_brand","embeddable":true,"href":"https:\/\/ritaliviajewelry.com\/et\/wp-json\/wp\/v2\/product_brand?post=1507"},{"taxonomy":"product_cat","embeddable":true,"href":"https:\/\/ritaliviajewelry.com\/et\/wp-json\/wp\/v2\/product_cat?post=1507"},{"taxonomy":"product_tag","embeddable":true,"href":"https:\/\/ritaliviajewelry.com\/et\/wp-json\/wp\/v2\/product_tag?post=1507"}],"curies":[{"name":"wp","href":"https:\/\/api.w.org\/{rel}","templated":true}]}}