{"id":1124,"date":"2025-11-10T22:37:40","date_gmt":"2025-11-10T20:37:40","guid":{"rendered":"https:\/\/ritaliviajewelry.com\/?post_type=product&#038;p=1124"},"modified":"2025-12-09T09:05:53","modified_gmt":"2025-12-09T07:05:53","slug":"silver-earrings-druzy-drops-3","status":"publish","type":"product","link":"https:\/\/ritaliviajewelry.com\/et\/toode\/silver-earrings-druzy-drops-3\/","title":{"rendered":"H\u00f5bedast k\u00f5rvar\u00f5ngad \"Druzy Drops\""},"content":{"rendered":"<p style=\"text-align: left;\">Druus on tillukeste kristallide kiht, mis on looduslikult moodustunud ning s\u00e4rab, ilma et seda oleks olnud vaja lihvida v\u00f5i poleerida. \nIdeaalne viis end igap\u00e4evaselt ehtida kandes k\u00f5rvas s\u00e4ravaid t\u00fckikesi loodusest!<\/p>\n<p style=\"text-align: left;\">Kuna kivid on looduslikud, siis nende t\u00e4pne v\u00e4ljan\u00e4gemine varieerub. Iga k\u00f5rvar\u00f5ngas on unikaalne.<\/p>\n<p style=\"text-align: left;\">\n<p style=\"text-align: left;\">Valmistatud k\u00e4sit\u00f6\u00f6na Eestis.<\/p>\n<p style=\"text-align: left;\">Materjalid: h\u00f5be 925, h\u00f5bedane druus<\/p>","protected":false},"excerpt":{"rendered":"<p><a href=\"https:\/\/ritaliviajewelry.com\/wp-content\/uploads\/2025\/11\/silver-silver-druzy-1-1.jpg\"><img loading=\"lazy\" decoding=\"async\" class=\"alignnone wp-image-1127 size-medium\" src=\"https:\/\/ritaliviajewelry.com\/wp-content\/uploads\/2025\/11\/silver-silver-druzy-1-1-300x300.jpg\" alt=\"\" width=\"300\" height=\"300\" srcset=\"https:\/\/ritaliviajewelry.com\/wp-content\/uploads\/2025\/11\/silver-silver-druzy-1-1-300x300.jpg 300w, https:\/\/ritaliviajewelry.com\/wp-content\/uploads\/2025\/11\/silver-silver-druzy-1-1-800x800.jpg 800w, https:\/\/ritaliviajewelry.com\/wp-content\/uploads\/2025\/11\/silver-silver-druzy-1-1-400x400.jpg 400w, https:\/\/ritaliviajewelry.com\/wp-content\/uploads\/2025\/11\/silver-silver-druzy-1-1-1200x1200.jpg 1200w, https:\/\/ritaliviajewelry.com\/wp-content\/uploads\/2025\/11\/silver-silver-druzy-1-1-1024x1024.jpg 1024w, https:\/\/ritaliviajewelry.com\/wp-content\/uploads\/2025\/11\/silver-silver-druzy-1-1-150x150.jpg 150w, https:\/\/ritaliviajewelry.com\/wp-content\/uploads\/2025\/11\/silver-silver-druzy-1-1-768x768.jpg 768w, https:\/\/ritaliviajewelry.com\/wp-content\/uploads\/2025\/11\/silver-silver-druzy-1-1-1536x1536.jpg 1536w, https:\/\/ritaliviajewelry.com\/wp-content\/uploads\/2025\/11\/silver-silver-druzy-1-1-12x12.jpg 12w, https:\/\/ritaliviajewelry.com\/wp-content\/uploads\/2025\/11\/silver-silver-druzy-1-1-900x900.jpg 900w, https:\/\/ritaliviajewelry.com\/wp-content\/uploads\/2025\/11\/silver-silver-druzy-1-1.jpg 2000w\" sizes=\"auto, (max-width:480px) 100vw, (max-width:1024px) 90vw, 1200px\" \/><\/a><\/p>","protected":false},"featured_media":1127,"template":"","meta":[],"product_brand":[],"product_cat":[15,21],"product_tag":[56],"class_list":{"0":"post-1124","1":"product","2":"type-product","3":"status-publish","4":"has-post-thumbnail","6":"product_cat-jewelry","7":"product_cat-earrings","8":"product_tag-druzy","10":"first","11":"instock","12":"sale","13":"shipping-taxable","14":"purchasable","15":"product-type-simple"},"aioseo_notices":[],"_links":{"self":[{"href":"https:\/\/ritaliviajewelry.com\/et\/wp-json\/wp\/v2\/product\/1124","targetHints":{"allow":["GET"]}}],"collection":[{"href":"https:\/\/ritaliviajewelry.com\/et\/wp-json\/wp\/v2\/product"}],"about":[{"href":"https:\/\/ritaliviajewelry.com\/et\/wp-json\/wp\/v2\/types\/product"}],"wp:featuredmedia":[{"embeddable":true,"href":"https:\/\/ritaliviajewelry.com\/et\/wp-json\/wp\/v2\/media\/1127"}],"wp:attachment":[{"href":"https:\/\/ritaliviajewelry.com\/et\/wp-json\/wp\/v2\/media?parent=1124"}],"wp:term":[{"taxonomy":"product_brand","embeddable":true,"href":"https:\/\/ritaliviajewelry.com\/et\/wp-json\/wp\/v2\/product_brand?post=1124"},{"taxonomy":"product_cat","embeddable":true,"href":"https:\/\/ritaliviajewelry.com\/et\/wp-json\/wp\/v2\/product_cat?post=1124"},{"taxonomy":"product_tag","embeddable":true,"href":"https:\/\/ritaliviajewelry.com\/et\/wp-json\/wp\/v2\/product_tag?post=1124"}],"curies":[{"name":"wp","href":"https:\/\/api.w.org\/{rel}","templated":true}]}}