{"id":93,"date":"2025-03-23T22:48:30","date_gmt":"2025-03-23T22:48:30","guid":{"rendered":"https:\/\/ritaliviajewelry.com\/?page_id=93"},"modified":"2026-02-14T11:28:34","modified_gmt":"2026-02-14T09:28:34","slug":"about-me","status":"publish","type":"page","link":"https:\/\/ritaliviajewelry.com\/et\/about-me\/","title":{"rendered":"Minust"},"content":{"rendered":"<figure class=\"wp-block-image aligncenter size-large is-resized\"><img loading=\"lazy\" decoding=\"async\" width=\"768\" height=\"1024\" sizes=\"auto, (max-width:480px) 100vw, (max-width:1024px) 90vw, 1200px\" src=\"https:\/\/ritaliviajewelry.com\/wp-content\/uploads\/2025\/03\/Gemstone-faceting-Rita-Livia-768x1024.jpg\" alt=\"\" class=\"wp-image-94\" style=\"width:418px;height:auto\" srcset=\"https:\/\/ritaliviajewelry.com\/wp-content\/uploads\/2025\/03\/Gemstone-faceting-Rita-Livia-768x1024.jpg 768w, https:\/\/ritaliviajewelry.com\/wp-content\/uploads\/2025\/03\/Gemstone-faceting-Rita-Livia-900x1200.jpg 900w, https:\/\/ritaliviajewelry.com\/wp-content\/uploads\/2025\/03\/Gemstone-faceting-Rita-Livia-225x300.jpg 225w, https:\/\/ritaliviajewelry.com\/wp-content\/uploads\/2025\/03\/Gemstone-faceting-Rita-Livia-1152x1536.jpg 1152w, https:\/\/ritaliviajewelry.com\/wp-content\/uploads\/2025\/03\/Gemstone-faceting-Rita-Livia-9x12.jpg 9w, https:\/\/ritaliviajewelry.com\/wp-content\/uploads\/2025\/03\/Gemstone-faceting-Rita-Livia-416x555.jpg 416w, https:\/\/ritaliviajewelry.com\/wp-content\/uploads\/2025\/03\/Gemstone-faceting-Rita-Livia.jpg 1500w\" \/><\/figure>\n\n\n\n<figure class=\"wp-block-pullquote has-medium-font-size\"><blockquote><p><\/p><cite><strong><strong>Ehe on minu jaoks midagi v\u00e4ga isiklikku, mille ilu ja v\u00e4\u00e4rtus on j\u00e4\u00e4vad.<\/strong><\/strong><br><strong><strong>Kui \u00fcks pilt \u00fctleb rohkem kui tuhat s\u00f5na, siis \u00fcks ehe jutustab ise tervete maailmate jagu lugusid.<\/strong><\/strong> <br><strong><strong>Koos oma kandjaga moodustub uus ainulaadne tervik.<\/strong><\/strong><\/cite><\/blockquote><\/figure>\n\n\n\n<p class=\"has-medium-font-size\">Minu nimi on Rita-Livia Erikson. S\u00fcndisin 1990. aastal Tallinnas ning kasvasin \u00fcles pealinna l\u00e4hedal, \u00fcmbritsetuna loodusest.<\/p>\n\n\n\n<div style=\"height:18px\" aria-hidden=\"true\" class=\"wp-block-spacer\"><\/div>\n\n\n\n<p class=\"has-medium-font-size\">Ehtekunstialase hariduse omandasin Eesti Kunstiakadeemias, Ehte- ja sepakunsti osakonnas ning praegu tegutsen oma erialal peamiselt Viimsis ja Tallinnas. P\u00e4rast \u00fclikooli l\u00f5petamist 2012. aastal olen ma j\u00e4tkuvalt ehteid valmistanud ning j\u00e4rjepidevalt oma oskustepagasit laiendanud. Peamiselt kasutan oma loomingus klassikalisi kullasepatehnoloogiad ja materjale, nagu kuld, h\u00f5be ja looduslikud kivid.<\/p>\n\n\n\n<div style=\"height:18px\" aria-hidden=\"true\" class=\"wp-block-spacer\"><\/div>\n\n\n\n<p class=\"has-medium-font-size\">2015. aasta s\u00fcgisel l\u00e4ksin pooleks aastaks Ameerika \u00dchendriikidesse, kus \u00f5ppisin kivide fassettlihvi ning avardasin tohutult oma teadmisi ja oskusi ehtekivide maailmas.<\/p>\n\n\n\n<div style=\"height:18px\" aria-hidden=\"true\" class=\"wp-block-spacer\"><\/div>\n\n\n\n<p class=\"has-medium-font-size\">2017. aastal t\u00f6\u00f6tasin m\u00f5nda aega kivilihvijana Mosambiigis tegutseva rubiinikaevanduse heaks.<\/p>\n\n\n\n<div style=\"height:18px\" aria-hidden=\"true\" class=\"wp-block-spacer\"><\/div>\n\n\n\n<p class=\"has-medium-font-size\">Alustasin oma ametlikku haridusteed gemmoloogia erialal aastal 2018 Ameerika Gemmoloogia Instituudis (GIA), Bangkokis. L\u00e4bisin seal v\u00e4rviliste kivide programmi, mis t\u00e4hendab, et s\u00fcvenesin p\u00f5hjalikult ehetes kasutatavate erinevate kivide tundma\u00f5ppimisele ja identifitseerimisele. J\u00e4rgneval aastal naasesin Bangkoki, et l\u00e4bida seal ka GIA teemantide kursus ning seega sai minust diplomeeritud gemmoloog aastal 2019. Veetes k\u00f5ik need kuud elades linnas, mida pean v\u00e4rviliste kivide maailma s\u00fcdameks, tutvusin p\u00f5hjalikumalt ehtekivide turuga ning avardasin oma silmaringi ja kogemustepagasit kivilihvimise valdkonnas.<\/p>\n\n\n\n<div style=\"height:18px\" aria-hidden=\"true\" class=\"wp-block-spacer\"><\/div>\n\n\n\n<p class=\"has-medium-font-size\">Alates aastast 2020 olen \u00f5petanud gemmoloogiat ehtekunsti\u00fcli\u00f5pilastele, n\u00fc\u00fcdseks kahes erinevas \u00fclikoolis.<\/p>\n\n\n\n<div style=\"height:18px\" aria-hidden=\"true\" class=\"wp-block-spacer\"><\/div>\n\n\n\n<p class=\"has-medium-font-size\">2023. aastal alustasin koolituste sarjaga, mille eesm\u00e4rk on jagada oma teadmisi ehtekividest k\u00f5igile huvilistele.<\/p>\n\n\n\n<div style=\"height:18px\" aria-hidden=\"true\" class=\"wp-block-spacer\"><\/div>\n\n\n\n<p class=\"has-medium-font-size\">Jewelry and gemstones are my life&#8217;s big passion and joy. I continue to learn every time I work, in all the fields I combine. My goal is always to get better, to create beautiful things, and to spread the passion for gemstones and jewelry.<\/p>\n\n\n\n<div style=\"height:18px\" aria-hidden=\"true\" class=\"wp-block-spacer\"><\/div>\n\n\n\n<p class=\"has-medium-font-size\">\u00d5ppimine ja eneseareng ei l\u00f5pe kunagi ja ma n\u00e4en iga uut v\u00e4ljakutset kui uut v\u00f5imalust avastada ja teha midagi uut.<\/p>\n\n\n\n<div class=\"wp-block-columns are-vertically-aligned-center is-layout-flex wp-container-core-columns-is-layout-28f84493 wp-block-columns-is-layout-flex\">\n<div class=\"wp-block-column is-vertically-aligned-center is-layout-flow wp-block-column-is-layout-flow\" style=\"flex-basis:100%\"><\/div>\n<\/div>\n\n\n\n<p><\/p>","protected":false},"excerpt":{"rendered":"<p>To me, jewelry is something very personal with lasting beauty and value.If one picture says more than a thousand words, then a piece of jewelry tells a worldful of stories on its own. With its wearer a new unique whole is formed. My name is Rita-Livia Erikson. I was born in 1990 in Tallinn, Estonia, [&hellip;]<\/p>","protected":false},"author":1,"featured_media":0,"parent":0,"menu_order":0,"comment_status":"closed","ping_status":"closed","template":"","meta":{"footnotes":""},"class_list":["post-93","page","type-page","status-publish","hentry"],"aioseo_notices":[],"_links":{"self":[{"href":"https:\/\/ritaliviajewelry.com\/et\/wp-json\/wp\/v2\/pages\/93","targetHints":{"allow":["GET"]}}],"collection":[{"href":"https:\/\/ritaliviajewelry.com\/et\/wp-json\/wp\/v2\/pages"}],"about":[{"href":"https:\/\/ritaliviajewelry.com\/et\/wp-json\/wp\/v2\/types\/page"}],"author":[{"embeddable":true,"href":"https:\/\/ritaliviajewelry.com\/et\/wp-json\/wp\/v2\/users\/1"}],"replies":[{"embeddable":true,"href":"https:\/\/ritaliviajewelry.com\/et\/wp-json\/wp\/v2\/comments?post=93"}],"version-history":[{"count":18,"href":"https:\/\/ritaliviajewelry.com\/et\/wp-json\/wp\/v2\/pages\/93\/revisions"}],"predecessor-version":[{"id":1587,"href":"https:\/\/ritaliviajewelry.com\/et\/wp-json\/wp\/v2\/pages\/93\/revisions\/1587"}],"wp:attachment":[{"href":"https:\/\/ritaliviajewelry.com\/et\/wp-json\/wp\/v2\/media?parent=93"}],"curies":[{"name":"wp","href":"https:\/\/api.w.org\/{rel}","templated":true}]}}