{"id":3,"date":"2025-03-23T22:38:20","date_gmt":"2025-03-23T22:38:20","guid":{"rendered":"http:\/\/ritaliviajewelry.com\/?page_id=3"},"modified":"2026-02-14T11:30:00","modified_gmt":"2026-02-14T09:30:00","slug":"privacy-policy","status":"publish","type":"page","link":"https:\/\/ritaliviajewelry.com\/et\/privacy-policy\/","title":{"rendered":"Privaatsuspoliitika"},"content":{"rendered":"<p><strong>1. Isikuandmete kogumine ja kasutamine<\/strong><\/p>\n\n\n\n<p><strong>1.1.&nbsp;<\/strong>Rita Livia Jewelry kogub ja kasutab j\u00e4rgmisi Kliendi andmeid:<\/p>\n\n\n\n<p><strong>1.1.1.&nbsp;<\/strong>Kliendi ees- ja perekonnanimi<\/p>\n\n\n\n<p><strong>1.1.2.&nbsp;<\/strong>Kliendi e-maili aadress<\/p>\n\n\n\n<p><strong>1.1.3.&nbsp;<\/strong>Kliendi telefoninumber<\/p>\n\n\n\n<p><strong>1.1.4.&nbsp;<\/strong>Kliendi aadress<\/p>\n\n\n\n<p><strong>1.1.5.&nbsp;<\/strong>Informatsiooni vahetust Kliendi ja Rita Livia Jewelry vahel;<\/p>\n\n\n\n<p><strong>1.1.6.&nbsp;<\/strong>Kliendi IP aadress<\/p>\n\n\n\n<p><strong>2. K\u00fcpsiste kasutamine veebipoes<\/strong><\/p>\n\n\n\n<p><strong>2.1.&nbsp;<\/strong>Rita Livia Jewelry kasutab k\u00fcpsiseid, et optimeerida veebilehe liiklust ning anal\u00fc\u00fcsida Kliendi veebilehe kasutamist. Kui Klient ei ole seadistanud oma veebilehitsejat nii, et see keelab k\u00f5ik teatud t\u00fc\u00fcpi k\u00fcpsised, siis kasutatakse k\u00fcpsiseid koohe, kui Klient k\u00fclastab meie veebipoodi.<\/p>\n\n\n\n<p><strong>2.2.&nbsp;<\/strong>Rita Livia Jewelry kasutab j\u00e4rgmist t\u00fc\u00fcpi k\u00fcpsiseid:<\/p>\n\n\n\n<p><strong>2.2.1.&nbsp;<\/strong><em>Google Analytics&nbsp;<\/em>k\u00fcpsiseid kasutatakse, et anal\u00fc\u00fcsida Kliendi k\u00e4itumist veebilehe t\u00e4iustamiseks. Rita Livia Jewelry saab nende l\u00e4bi informatsiooni klientide arvu kohta Veebilehel, milliseid lehek\u00fclgi k\u00fclastatakse ning kui palju aega veedetakse meie veebilehel. K\u00f5ik l\u00e4bi k\u00fcpsiste kogutud informatsioon on kombineeritud sarnase informatsiooniga teistelt klientidelt ning on seega anon\u00fc\u00fcmne. Rita Livia Jewelry ei tuvasta erinevaid kasutajaid.<\/p>\n\n\n\n<p><strong>2.2.2.&nbsp;<\/strong>Rita Livia Jewelry kasutab&nbsp;<em>Facebook Pixel<\/em>&nbsp;l\u00e4bi Facebooki, et suunata reklaami Kliendile ning anal\u00fc\u00fcsida reklaamide voogu, mis omakorda viib Kliendi veebik\u00e4itumise j\u00e4lgimiseni Facebooki poolt.<\/p>\n\n\n\n<p><strong>2.3.&nbsp;<\/strong>Kliendil on alati \u00f5igus kontrollida k\u00fcpsiseid oma veebilehitseja seadetest. Kui Klient ei soovi k\u00fcpsiseid saada, saab ta seadistada oma veebilehitseja k\u00fcpsistest keelduma v\u00f5i saatma hoiatuse, kui k\u00fcpsist kasutatakse.<\/p>\n\n\n\n<p><strong>3. Isikuandmete t\u00f6\u00f6tlemise eesm\u00e4rk<\/strong><\/p>\n\n\n\n<p><strong>3.1.&nbsp;<\/strong>Isikuandmeid, mis Kliendi kohta kogutakse, t\u00f6\u00f6deldakse ainult eesm\u00e4rgiga pakkuda soovitud teenust ning v\u00f5imaldada Veebipoe kasutamist j\u00e4rgmistel eesm\u00e4rkidel:<\/p>\n\n\n\n<p><strong>3.1.1.&nbsp;<\/strong>Et t\u00e4ita Veebipoest tehtud tellimus;<\/p>\n\n\n\n<p><strong>3.1.2.&nbsp;<\/strong>Veebipoe kliendisuhete haldamiseks ning klientidega suhtlemiseks;<\/p>\n\n\n\n<p><strong>3.1.3.&nbsp;<\/strong>M\u00fc\u00fcgitulemuste kogumiseks ja anal\u00fc\u00fcsiks ning kliendibaasi anal\u00fc\u00fcsimiseks;<\/p>\n\n\n\n<p><strong>3.1.4.&nbsp;<\/strong>Veebipoe kasutajas\u00f5bralikkuse ja teenuste edasiarendamiseks;<\/p>\n\n\n\n<p><strong>3.1.5.&nbsp;<\/strong>Veebipoe kasutamise lihtsustamise edendamiseks  l\u00e4htudes k\u00fcpsistega kogutud andmetest.<\/p>\n\n\n\n<p><strong>4. Isikuandmete t\u00f6\u00f6tlemise meetodid<\/strong><\/p>\n\n\n\n<p><strong>4.1.&nbsp;<\/strong>Kliendi isikuandmed t\u00f6\u00f6deldakse vaid neil viisidel, mis on teada Rita Livia Jewelry-le l\u00e4bi Veebipoe tehtud ostuprotsesside, l\u00e4bi esitatud tellimuse ettevalmistuse ja t\u00e4ideviimise.<\/p>\n\n\n\n<p><strong>4.2.&nbsp;<\/strong>Isikuandmed, mis kogutakse, s\u00e4ilitatakse vaid neil eesm\u00e4rkidel, mis on v\u00e4lja toodud klauslis 3 \u00fcld- ja ostutingimuste all.<\/p>\n\n\n\n<p><strong>5. Isikuandmete s\u00e4ilitamine ja kaitse<\/strong><\/p>\n\n\n\n<p><strong>5.1.&nbsp;<\/strong>K\u00f5ik isikuandmed, mis Kliendi kohta kogutakse, s\u00e4ilitatsekse serverites, mis asuvad Euroopa Liidu riikides v\u00f5i Euroopa Majanduspiirkonnas.<\/p>\n\n\n\n<p><strong>5.2.&nbsp;<\/strong>Kliendiga seotud isikuandmed, mida Rita Livia Jewelry kasutab, et t\u00e4ita Kokkulepet, s\u00e4ilitatakse kuni 3 aastat Rita Livia Jewelry poolt m\u00e4\u00e4ratud personali poolt. Arved ja baasdokumendid s\u00e4ilitatakse 7 aastat vastavalt Raamatupidamisseadusele.<\/p>\n\n\n\n<p><strong>5.3.&nbsp;<\/strong>Ainult Rita Livia Jewelry t\u00f6\u00f6tajad ja juhatuse liikmed saavad ligip\u00e4\u00e4su Kliendi isiklikuandmetele, kellel on \u00f5igus neid admeid kasutada ainult selleks, et pakkuda teenust ning hallata Veebipoodi.<\/p>\n\n\n\n<p><strong>5.4.&nbsp;<\/strong>Rita Livia Jewelryl v\u00f5ib olla lisakohustusi s\u00e4ilitada teatud isikuandmeid s\u00f5ltuvalt kohalduvale seadusele.<\/p>\n\n\n\n<p><strong>7. Isikuandmete jagamine<\/strong><\/p>\n\n\n\n<p><strong>6.1.&nbsp;<\/strong>Rita Livia Jewelry ei jaga Kliendi isikuandmeid kolmandatele osapooltele, v\u00e4lja arvatud j\u00e4rgmistel juhtudel:<\/p>\n\n\n\n<p><strong>6.1.1.&nbsp;<\/strong>Et pakkuda teenust (nt veebipoest tehtud ostu tarnimise eesm\u00e4rgil);<\/p>\n\n\n\n<p><strong>6.1.2.\u00a0<\/strong>Et teha makseid, edastatakse vajalikud isikuandmed volitatud makse protsessijale, vastavalt Kliendi valitud maksemeetodile ostu tegemise ajal: Maksekeskus AS, panga\u00fclekanne, Google Pay v\u00f5i Stripe.<\/p>\n\n\n\n<p><strong>6.1.3.&nbsp;<\/strong>Et kindlustada M\u00fc\u00fcgikokkuleppe t\u00e4itmist;<\/p>\n\n\n\n<p><strong>6.1.4.&nbsp;<\/strong>Ettev\u00f5tte osalise v\u00f5i t\u00e4ieliku m\u00fc\u00fcgi v\u00f5i ettev\u00f5tte \u00fcmberstruktureerimise puhul. Sellisel juhul kasutab Rita Livia Jewelry k\u00f5iki vajalikke meetmeid, et kindlustada Kliendi isikuandmete j\u00e4tkuv kaitse;<\/p>\n\n\n\n<p><strong>7. Kliendi \u00f5igused seoses isikuandmetega<\/strong><\/p>\n\n\n\n<p><strong>7.1.&nbsp;<\/strong>Kliendil on \u00f5igus saada ligip\u00e4\u00e4s isikuandmetele, mis tema kohta on kogutud ning n\u00f5uda nende korrigeerimist, juhul, kui need on ebat\u00e4psed.<\/p>\n\n\n\n<p><strong>7.2.&nbsp;<\/strong>Juhul, kui isikuandmete t\u00f6\u00f6tlemine on keelatud l\u00e4htudes kohalduvast seaduest, on Kliendil \u00f5igus n\u00f5uda isikuandmete t\u00f6\u00f6tlemise l\u00f5petamist ning t\u00f6\u00f6deldud isikuandmete kustutamist.<\/p>\n\n\n\n<p><strong>7.3.&nbsp;<\/strong>Juhul, kui Kliendi \u00f5igusi on rikutud isikuandmete t\u00f6\u00f6tlemise ajal, on Kliendil \u00f5igus p\u00f6\u00f6rduda Andmekaitse Inspektsiooni v\u00f5i kohtusse, kui seadusega pole m\u00e4\u00e4ratud teisiti.<\/p>\n\n\n\n<p><strong>7.4.&nbsp;<\/strong>Juhul, kui Kliendi \u00f5igusi on rikutud isikuandmete t\u00f6\u00f6tlemise ajal, on Kliendil \u00f5igus n\u00f5uda kompensatsiooni talle p\u00f5hjustatud kahju eest.<\/p>\n\n\n\n<p><strong>7.5.&nbsp;<\/strong>Juhul, kui on k\u00fcsimusi seoses isikuandmete t\u00f6\u00f6tlemisega ja meie Privaatsustingimustega, palume v\u00f5tta \u00fchendust kirjutades meiliaadressile ritaliviajewelry@gmail.com<\/p>","protected":false},"excerpt":{"rendered":"<p>1. Collection and processing of personal data 1.1.&nbsp;Rita Livia Jewelry collects and processes the following personal data of the Customer: 1.1.1.&nbsp;Customer\u2019s first and last name; 1.1.2.&nbsp;Customer\u2019s email address; 1.1.3.&nbsp;Customer\u2019s phone number; 1.1.4.&nbsp;Customer\u2019s address; 1.1.5.&nbsp;Information exchange between the Customer and Rita Livia Jewelry; 1.1.6.&nbsp;Customer\u2019s IP address. 2. Use of cookies in the online store 2.1.&nbsp;Rita Livia [&hellip;]<\/p>","protected":false},"author":1,"featured_media":0,"parent":0,"menu_order":0,"comment_status":"closed","ping_status":"closed","template":"","meta":{"footnotes":""},"class_list":["post-3","page","type-page","status-publish","hentry"],"aioseo_notices":[],"_links":{"self":[{"href":"https:\/\/ritaliviajewelry.com\/et\/wp-json\/wp\/v2\/pages\/3","targetHints":{"allow":["GET"]}}],"collection":[{"href":"https:\/\/ritaliviajewelry.com\/et\/wp-json\/wp\/v2\/pages"}],"about":[{"href":"https:\/\/ritaliviajewelry.com\/et\/wp-json\/wp\/v2\/types\/page"}],"author":[{"embeddable":true,"href":"https:\/\/ritaliviajewelry.com\/et\/wp-json\/wp\/v2\/users\/1"}],"replies":[{"embeddable":true,"href":"https:\/\/ritaliviajewelry.com\/et\/wp-json\/wp\/v2\/comments?post=3"}],"version-history":[{"count":10,"href":"https:\/\/ritaliviajewelry.com\/et\/wp-json\/wp\/v2\/pages\/3\/revisions"}],"predecessor-version":[{"id":1600,"href":"https:\/\/ritaliviajewelry.com\/et\/wp-json\/wp\/v2\/pages\/3\/revisions\/1600"}],"wp:attachment":[{"href":"https:\/\/ritaliviajewelry.com\/et\/wp-json\/wp\/v2\/media?parent=3"}],"curies":[{"name":"wp","href":"https:\/\/api.w.org\/{rel}","templated":true}]}}