{"id":109,"date":"2025-03-23T23:00:18","date_gmt":"2025-03-23T23:00:18","guid":{"rendered":"https:\/\/ritaliviajewelry.com\/?page_id=109"},"modified":"2026-04-01T11:32:07","modified_gmt":"2026-04-01T08:32:07","slug":"jewelry","status":"publish","type":"page","link":"https:\/\/ritaliviajewelry.com\/et\/jewelry\/","title":{"rendered":"Ehted"},"content":{"rendered":"<div class=\"wp-block-cover\" style=\"min-height:300px;aspect-ratio:unset;\"><img loading=\"lazy\" decoding=\"async\" width=\"1024\" height=\"742\" sizes=\"auto, (max-width:480px) 100vw, (max-width:1024px) 90vw, 1200px\" class=\"wp-block-cover__image-background wp-image-1643 size-large\" alt=\"\" src=\"https:\/\/ritaliviajewelry.com\/wp-content\/uploads\/2026\/04\/White-gold-585-tavorite-1024x742.jpg\" data-object-fit=\"cover\" srcset=\"https:\/\/ritaliviajewelry.com\/wp-content\/uploads\/2026\/04\/White-gold-585-tavorite-1024x742.jpg 1024w, https:\/\/ritaliviajewelry.com\/wp-content\/uploads\/2026\/04\/White-gold-585-tavorite-300x218.jpg 300w, https:\/\/ritaliviajewelry.com\/wp-content\/uploads\/2026\/04\/White-gold-585-tavorite-768x557.jpg 768w, https:\/\/ritaliviajewelry.com\/wp-content\/uploads\/2026\/04\/White-gold-585-tavorite-1536x1114.jpg 1536w, https:\/\/ritaliviajewelry.com\/wp-content\/uploads\/2026\/04\/White-gold-585-tavorite-18x12.jpg 18w, https:\/\/ritaliviajewelry.com\/wp-content\/uploads\/2026\/04\/White-gold-585-tavorite-1200x870.jpg 1200w, https:\/\/ritaliviajewelry.com\/wp-content\/uploads\/2026\/04\/White-gold-585-tavorite.jpg 2000w\" \/><span aria-hidden=\"true\" class=\"wp-block-cover__background has-background-dim-30 has-background-dim\" style=\"background-color:#363736\"><\/span><div class=\"wp-block-cover__inner-container is-layout-flow wp-block-cover-is-layout-flow\">\n<p class=\"has-text-align-center has-base-color has-text-color has-link-color has-large-font-size wp-elements-ad4aac350c5bdf49f3f53b330f5ba8b0\"><a href=\"https:\/\/ritaliviajewelry.com\/et\/rings\/\" data-type=\"page\" data-id=\"34\">S\u00d5RMUSED<\/a><\/p>\n<\/div><\/div>\n\n\n\n<div class=\"wp-block-cover\" style=\"min-height:300px;aspect-ratio:unset;\"><img loading=\"lazy\" decoding=\"async\" width=\"2560\" height=\"1129\" sizes=\"auto, (max-width:480px) 100vw, (max-width:1024px) 90vw, 1200px\" class=\"wp-block-cover__image-background wp-image-1660 size-full\" alt=\"\" src=\"https:\/\/ritaliviajewelry.com\/wp-content\/uploads\/2026\/04\/Earrings-scaled.jpg\" data-object-fit=\"cover\" srcset=\"https:\/\/ritaliviajewelry.com\/wp-content\/uploads\/2026\/04\/Earrings-scaled.jpg 2560w, https:\/\/ritaliviajewelry.com\/wp-content\/uploads\/2026\/04\/Earrings-300x132.jpg 300w, https:\/\/ritaliviajewelry.com\/wp-content\/uploads\/2026\/04\/Earrings-1024x452.jpg 1024w, https:\/\/ritaliviajewelry.com\/wp-content\/uploads\/2026\/04\/Earrings-768x339.jpg 768w, https:\/\/ritaliviajewelry.com\/wp-content\/uploads\/2026\/04\/Earrings-1536x678.jpg 1536w, https:\/\/ritaliviajewelry.com\/wp-content\/uploads\/2026\/04\/Earrings-2048x904.jpg 2048w, https:\/\/ritaliviajewelry.com\/wp-content\/uploads\/2026\/04\/Earrings-18x8.jpg 18w, https:\/\/ritaliviajewelry.com\/wp-content\/uploads\/2026\/04\/Earrings-1200x529.jpg 1200w\" \/><span aria-hidden=\"true\" class=\"wp-block-cover__background has-background-dim-30 has-background-dim\" style=\"background-color:#4c4c4c\"><\/span><div class=\"wp-block-cover__inner-container is-layout-flow wp-block-cover-is-layout-flow\">\n<p class=\"has-text-align-center has-base-color has-text-color has-link-color has-large-font-size wp-elements-3fff5c1511764edff72f4c08302f1e8a\"><a href=\"https:\/\/ritaliviajewelry.com\/et\/earrings\/\" data-type=\"page\" data-id=\"52\">K\u00d5RVAR\u00d5NGAD<\/a><\/p>\n<\/div><\/div>\n\n\n\n<div class=\"wp-block-cover\" style=\"min-height:300px;aspect-ratio:unset;\"><img loading=\"lazy\" decoding=\"async\" width=\"1024\" height=\"465\" sizes=\"auto, (max-width:480px) 100vw, (max-width:1024px) 90vw, 1200px\" class=\"wp-block-cover__image-background wp-image-1661 size-large\" alt=\"\" src=\"https:\/\/ritaliviajewelry.com\/wp-content\/uploads\/2026\/04\/Necklace-1-1024x465.jpg\" data-object-fit=\"cover\" srcset=\"https:\/\/ritaliviajewelry.com\/wp-content\/uploads\/2026\/04\/Necklace-1-1024x465.jpg 1024w, https:\/\/ritaliviajewelry.com\/wp-content\/uploads\/2026\/04\/Necklace-1-300x136.jpg 300w, https:\/\/ritaliviajewelry.com\/wp-content\/uploads\/2026\/04\/Necklace-1-768x349.jpg 768w, https:\/\/ritaliviajewelry.com\/wp-content\/uploads\/2026\/04\/Necklace-1-1536x698.jpg 1536w, https:\/\/ritaliviajewelry.com\/wp-content\/uploads\/2026\/04\/Necklace-1-2048x930.jpg 2048w, https:\/\/ritaliviajewelry.com\/wp-content\/uploads\/2026\/04\/Necklace-1-18x8.jpg 18w, https:\/\/ritaliviajewelry.com\/wp-content\/uploads\/2026\/04\/Necklace-1-1200x545.jpg 1200w\" \/><span aria-hidden=\"true\" class=\"wp-block-cover__background has-background-dim-30 has-background-dim\" style=\"background-color:#424242\"><\/span><div class=\"wp-block-cover__inner-container is-layout-flow wp-block-cover-is-layout-flow\">\n<p class=\"has-text-align-center has-base-color has-text-color has-link-color has-large-font-size wp-elements-1f614e589e02bfb374f7d16b67207af1\"><a href=\"https:\/\/ritaliviajewelry.com\/et\/necklaces\/\" data-type=\"page\" data-id=\"67\">KAELAEHTED<\/a><\/p>\n<\/div><\/div>\n\n\n\n<div class=\"wp-block-cover\" style=\"min-height:300px;aspect-ratio:unset;\"><img loading=\"lazy\" decoding=\"async\" width=\"1024\" height=\"742\" sizes=\"auto, (max-width:480px) 100vw, (max-width:1024px) 90vw, 1200px\" class=\"wp-block-cover__image-background wp-image-1647 size-large\" alt=\"\" src=\"https:\/\/ritaliviajewelry.com\/wp-content\/uploads\/2026\/04\/White-gold-585-tanzanite-1024x742.jpg\" data-object-fit=\"cover\" srcset=\"https:\/\/ritaliviajewelry.com\/wp-content\/uploads\/2026\/04\/White-gold-585-tanzanite-1024x742.jpg 1024w, https:\/\/ritaliviajewelry.com\/wp-content\/uploads\/2026\/04\/White-gold-585-tanzanite-300x218.jpg 300w, https:\/\/ritaliviajewelry.com\/wp-content\/uploads\/2026\/04\/White-gold-585-tanzanite-768x557.jpg 768w, https:\/\/ritaliviajewelry.com\/wp-content\/uploads\/2026\/04\/White-gold-585-tanzanite-1536x1114.jpg 1536w, https:\/\/ritaliviajewelry.com\/wp-content\/uploads\/2026\/04\/White-gold-585-tanzanite-18x12.jpg 18w, https:\/\/ritaliviajewelry.com\/wp-content\/uploads\/2026\/04\/White-gold-585-tanzanite-1200x870.jpg 1200w, https:\/\/ritaliviajewelry.com\/wp-content\/uploads\/2026\/04\/White-gold-585-tanzanite.jpg 2000w\" \/><span aria-hidden=\"true\" class=\"wp-block-cover__background has-background-dim-30 has-background-dim\" style=\"background-color:#766353\"><\/span><div class=\"wp-block-cover__inner-container is-layout-flow wp-block-cover-is-layout-flow\">\n<p class=\"has-text-align-center has-base-color has-text-color has-link-color has-large-font-size wp-elements-7b45797cc91e000b384f9773f78f9b7a\"><a href=\"https:\/\/ritaliviajewelry.com\/et\/ear-cuffs\/\" data-type=\"page\" data-id=\"76\">K\u00d5RVAMANSETID<\/a><\/p>\n<\/div><\/div>\n\n\n\n<div class=\"wp-block-cover\" style=\"min-height:300px;aspect-ratio:unset;\"><img loading=\"lazy\" decoding=\"async\" width=\"1024\" height=\"630\" sizes=\"auto, (max-width:480px) 100vw, (max-width:1024px) 90vw, 1200px\" class=\"wp-block-cover__image-background wp-image-1662 size-large\" alt=\"\" src=\"https:\/\/ritaliviajewelry.com\/wp-content\/uploads\/2026\/04\/Brooches-1024x630.jpg\" data-object-fit=\"cover\" srcset=\"https:\/\/ritaliviajewelry.com\/wp-content\/uploads\/2026\/04\/Brooches-1024x630.jpg 1024w, https:\/\/ritaliviajewelry.com\/wp-content\/uploads\/2026\/04\/Brooches-300x185.jpg 300w, https:\/\/ritaliviajewelry.com\/wp-content\/uploads\/2026\/04\/Brooches-768x473.jpg 768w, https:\/\/ritaliviajewelry.com\/wp-content\/uploads\/2026\/04\/Brooches-1536x945.jpg 1536w, https:\/\/ritaliviajewelry.com\/wp-content\/uploads\/2026\/04\/Brooches-2048x1260.jpg 2048w, https:\/\/ritaliviajewelry.com\/wp-content\/uploads\/2026\/04\/Brooches-18x12.jpg 18w, https:\/\/ritaliviajewelry.com\/wp-content\/uploads\/2026\/04\/Brooches-1200x739.jpg 1200w\" \/><span aria-hidden=\"true\" class=\"wp-block-cover__background has-background-dim-30 has-background-dim\" style=\"background-color:#333131\"><\/span><div class=\"wp-block-cover__inner-container is-layout-flow wp-block-cover-is-layout-flow\">\n<p class=\"has-text-align-center has-base-color has-text-color has-link-color has-large-font-size wp-elements-32f4e961ba87bec3f504b74a33b10ec5\"><a href=\"https:\/\/ritaliviajewelry.com\/et\/brooches\/\" data-type=\"page\" data-id=\"107\">RINNAN\u00d5ELAD<\/a><\/p>\n<\/div><\/div>\n\n\n\n<div class=\"wp-block-cover\" style=\"min-height:300px;aspect-ratio:unset;\"><img loading=\"lazy\" decoding=\"async\" width=\"1024\" height=\"742\" sizes=\"auto, (max-width:480px) 100vw, (max-width:1024px) 90vw, 1200px\" class=\"wp-block-cover__image-background wp-image-1649 size-large\" alt=\"\" src=\"https:\/\/ritaliviajewelry.com\/wp-content\/uploads\/2026\/04\/Silver-925-tourmaline-2-1024x742.jpg\" data-object-fit=\"cover\" srcset=\"https:\/\/ritaliviajewelry.com\/wp-content\/uploads\/2026\/04\/Silver-925-tourmaline-2-1024x742.jpg 1024w, https:\/\/ritaliviajewelry.com\/wp-content\/uploads\/2026\/04\/Silver-925-tourmaline-2-300x218.jpg 300w, https:\/\/ritaliviajewelry.com\/wp-content\/uploads\/2026\/04\/Silver-925-tourmaline-2-768x557.jpg 768w, https:\/\/ritaliviajewelry.com\/wp-content\/uploads\/2026\/04\/Silver-925-tourmaline-2-1536x1114.jpg 1536w, https:\/\/ritaliviajewelry.com\/wp-content\/uploads\/2026\/04\/Silver-925-tourmaline-2-18x12.jpg 18w, https:\/\/ritaliviajewelry.com\/wp-content\/uploads\/2026\/04\/Silver-925-tourmaline-2-1200x870.jpg 1200w, https:\/\/ritaliviajewelry.com\/wp-content\/uploads\/2026\/04\/Silver-925-tourmaline-2.jpg 2000w\" \/><span aria-hidden=\"true\" class=\"wp-block-cover__background has-background-dim-30 has-background-dim\" style=\"background-color:#3c3c3c\"><\/span><div class=\"wp-block-cover__inner-container is-layout-flow wp-block-cover-is-layout-flow\">\n<p class=\"has-text-align-center has-base-color has-text-color has-link-color has-large-font-size wp-elements-b9e4766e2f8f018e46908dec43e94899\"><a href=\"https:\/\/ritaliviajewelry.com\/et\/bracelets-and-cufflinks\/\" data-type=\"page\" data-id=\"114\">K\u00c4EV\u00d5RUD JA MANSETIN\u00d6\u00d6BID<\/a><\/p>\n<\/div><\/div>\n\n\n\n<p><\/p>","protected":false},"excerpt":{"rendered":"","protected":false},"author":1,"featured_media":0,"parent":0,"menu_order":0,"comment_status":"closed","ping_status":"closed","template":"","meta":{"footnotes":""},"class_list":["post-109","page","type-page","status-publish","hentry"],"aioseo_notices":[],"_links":{"self":[{"href":"https:\/\/ritaliviajewelry.com\/et\/wp-json\/wp\/v2\/pages\/109","targetHints":{"allow":["GET"]}}],"collection":[{"href":"https:\/\/ritaliviajewelry.com\/et\/wp-json\/wp\/v2\/pages"}],"about":[{"href":"https:\/\/ritaliviajewelry.com\/et\/wp-json\/wp\/v2\/types\/page"}],"author":[{"embeddable":true,"href":"https:\/\/ritaliviajewelry.com\/et\/wp-json\/wp\/v2\/users\/1"}],"replies":[{"embeddable":true,"href":"https:\/\/ritaliviajewelry.com\/et\/wp-json\/wp\/v2\/comments?post=109"}],"version-history":[{"count":14,"href":"https:\/\/ritaliviajewelry.com\/et\/wp-json\/wp\/v2\/pages\/109\/revisions"}],"predecessor-version":[{"id":1663,"href":"https:\/\/ritaliviajewelry.com\/et\/wp-json\/wp\/v2\/pages\/109\/revisions\/1663"}],"wp:attachment":[{"href":"https:\/\/ritaliviajewelry.com\/et\/wp-json\/wp\/v2\/media?parent=109"}],"curies":[{"name":"wp","href":"https:\/\/api.w.org\/{rel}","templated":true}]}}